{"id":1758,"date":"2024-03-09T23:02:43","date_gmt":"2024-03-09T23:02:43","guid":{"rendered":"https:\/\/tubo.plus\/?page_id=1758"},"modified":"2024-05-17T09:54:13","modified_gmt":"2024-05-17T09:54:13","slug":"renovation-plan","status":"publish","type":"page","link":"https:\/\/tubo.plus\/en\/renovation-plan\/","title":{"rendered":"RENOVE Plan"},"content":{"rendered":"\t\t<div data-elementor-type=\"wp-page\" data-elementor-id=\"1758\" class=\"elementor elementor-1758\" data-elementor-post-type=\"page\">\n\t\t\t\t\t\t<section class=\"elementor-section elementor-top-section elementor-element elementor-element-de413b6 elementor-section-boxed elementor-section-height-default elementor-section-height-default\" data-id=\"de413b6\" data-element_type=\"section\">\n\t\t\t\t\t\t<div class=\"elementor-container elementor-column-gap-default\">\n\t\t\t\t\t<div class=\"elementor-column elementor-col-100 elementor-top-column elementor-element elementor-element-12f245d\" data-id=\"12f245d\" data-element_type=\"column\">\n\t\t\t<div class=\"elementor-widget-wrap\">\n\t\t\t\t\t\t\t<\/div>\n\t\t<\/div>\n\t\t\t\t\t<\/div>\n\t\t<\/section>\n\t\t\t\t<section class=\"elementor-section elementor-top-section elementor-element elementor-element-393ee73 elementor-section-boxed elementor-section-height-default elementor-section-height-default\" data-id=\"393ee73\" data-element_type=\"section\">\n\t\t\t\t\t\t<div class=\"elementor-container elementor-column-gap-default\">\n\t\t\t\t\t<div class=\"elementor-column elementor-col-100 elementor-top-column elementor-element elementor-element-317dbfd\" data-id=\"317dbfd\" data-element_type=\"column\">\n\t\t\t<div class=\"elementor-widget-wrap elementor-element-populated\">\n\t\t\t\t\t\t<div class=\"elementor-element elementor-element-3b8a209 elementor-widget elementor-widget-heading\" data-id=\"3b8a209\" data-element_type=\"widget\" data-widget_type=\"heading.default\">\n\t\t\t\t<div class=\"elementor-widget-container\">\n\t\t\t\t\t<h1 class=\"elementor-heading-title elementor-size-default\">PLAN RENOVE<\/h1>\t\t\t\t<\/div>\n\t\t\t\t<\/div>\n\t\t\t\t<div class=\"elementor-element elementor-element-31d8d26 elementor-widget elementor-widget-text-editor\" data-id=\"31d8d26\" data-element_type=\"widget\" data-widget_type=\"text-editor.default\">\n\t\t\t\t<div class=\"elementor-widget-container\">\n\t\t\t\t\t\t\t\t\t<p style=\"text-align: center;\">Si tienes un tubo presurizador en casa y <strong>te gustar\u00eda renovarlo<\/strong>, aqu\u00ed tienes una gran oportunidad. Aprovecha el <strong>PLAN RENOVE<\/strong> y env\u00edanos una foto de tu tubo presurizador.<\/p><p style=\"text-align: center;\"><em><strong>\u00a1Consigue as\u00ed tu descuento<\/strong><\/em><em><strong> del 50% en tu siguiente compra!<\/strong><\/em><\/p>\t\t\t\t\t\t\t\t<\/div>\n\t\t\t\t<\/div>\n\t\t\t\t\t<\/div>\n\t\t<\/div>\n\t\t\t\t\t<\/div>\n\t\t<\/section>\n\t\t\t\t<section class=\"elementor-section elementor-top-section elementor-element elementor-element-319b29d elementor-section-boxed elementor-section-height-default elementor-section-height-default\" data-id=\"319b29d\" data-element_type=\"section\">\n\t\t\t\t\t\t<div class=\"elementor-container elementor-column-gap-default\">\n\t\t\t\t\t<div class=\"elementor-column elementor-col-100 elementor-top-column elementor-element elementor-element-fcb4ca0\" data-id=\"fcb4ca0\" data-element_type=\"column\">\n\t\t\t<div class=\"elementor-widget-wrap elementor-element-populated\">\n\t\t\t\t\t\t<div class=\"elementor-element elementor-element-e60ed69 ekit_wpForms_container-form-button-custom elementor-widget elementor-widget-elementskit-wp-forms\" data-id=\"e60ed69\" data-element_type=\"widget\" data-widget_type=\"elementskit-wp-forms.default\">\n\t\t\t\t<div class=\"elementor-widget-container\">\n\t\t\t\t\t<div class=\"ekit-wid-con ekit_wpForms_container\">[wpforms id=\"1753\"]<\/div>\t\t\t\t<\/div>\n\t\t\t\t<\/div>\n\t\t\t\t\t<\/div>\n\t\t<\/div>\n\t\t\t\t\t<\/div>\n\t\t<\/section>\n\t\t\t\t<\/div>\n\t\t","protected":false},"excerpt":{"rendered":"<p>PLAN RENOVE Si tienes un tubo presurizador en casa y te gustar\u00eda renovarlo, aqu\u00ed tienes una gran oportunidad. Aprovecha el PLAN RENOVE y env\u00edanos una foto de tu tubo presurizador. \u00a1Consigue as\u00ed tu descuento del 50% en tu siguiente compra! Por favor, activa JavaScript en tu navegador para completar este formulario.Por favor, activa JavaScript en [&hellip;]<\/p>\n","protected":false},"author":1,"featured_media":0,"parent":0,"menu_order":0,"comment_status":"closed","ping_status":"closed","template":"","meta":{"_acf_changed":false,"content-type":"","_joinchat":[],"footnotes":""},"class_list":["post-1758","page","type-page","status-publish","hentry"],"acf":[],"_links":{"self":[{"href":"https:\/\/tubo.plus\/en\/wp-json\/wp\/v2\/pages\/1758","targetHints":{"allow":["GET"]}}],"collection":[{"href":"https:\/\/tubo.plus\/en\/wp-json\/wp\/v2\/pages"}],"about":[{"href":"https:\/\/tubo.plus\/en\/wp-json\/wp\/v2\/types\/page"}],"author":[{"embeddable":true,"href":"https:\/\/tubo.plus\/en\/wp-json\/wp\/v2\/users\/1"}],"replies":[{"embeddable":true,"href":"https:\/\/tubo.plus\/en\/wp-json\/wp\/v2\/comments?post=1758"}],"version-history":[{"count":2,"href":"https:\/\/tubo.plus\/en\/wp-json\/wp\/v2\/pages\/1758\/revisions"}],"predecessor-version":[{"id":14402,"href":"https:\/\/tubo.plus\/en\/wp-json\/wp\/v2\/pages\/1758\/revisions\/14402"}],"wp:attachment":[{"href":"https:\/\/tubo.plus\/en\/wp-json\/wp\/v2\/media?parent=1758"}],"curies":[{"name":"wp","href":"https:\/\/api.w.org\/{rel}","templated":true}]}}