{"id":10136,"date":"2024-03-13T09:13:20","date_gmt":"2024-03-13T09:13:20","guid":{"rendered":"https:\/\/tubo.plus\/?page_id=10136"},"modified":"2025-11-09T18:29:11","modified_gmt":"2025-11-09T17:29:11","slug":"politique-de-retour","status":"publish","type":"page","link":"https:\/\/tubo.plus\/fr\/politique-de-retour\/","title":{"rendered":"Politique de retour"},"content":{"rendered":"<p>Outre le droit l\u00e9gal de r\u00e9tractation, FORMULATWOIT SL offre une p\u00e9riode de retour \u00e9tendue. Si vous n'\u00eates pas satisfait de votre achat, vous pouvez retourner le produit jusqu'\u00e0 30 jours apr\u00e8s la date de r\u00e9ception.<br>\u00c9tat du produit : pour que le retour soit accept\u00e9, le produit doit \u00eatre dans le m\u00eame \u00e9tat que celui dans lequel vous l'avez re\u00e7u. Cela signifie que les produits neufs doivent \u00eatre retourn\u00e9s dans leur \u00e9tat d'origine, inutilis\u00e9s, complets et dans leur emballage d'origine. Les produits usag\u00e9s ou d'occasion ne doivent pas pr\u00e9senter de signes de dommages suppl\u00e9mentaires.<br>Remboursements : si le produit est retourn\u00e9 dans les d\u00e9lais impartis, nous vous rembourserons l'int\u00e9gralit\u00e9 du prix du produit. Toutefois, les frais de retour ne seront pas rembours\u00e9s, sauf si le produit est d\u00e9fectueux ou ne correspond pas \u00e0 la description fournie.<br>Proc\u00e9dure de retour : Pour effectuer un retour, veuillez contacter notre service client\u00e8le. Nous vous fournirons toutes les instructions n\u00e9cessaires pour effectuer le retour.<\/p>","protected":false},"excerpt":{"rendered":"<p>Adem\u00e1s del derecho de desistimiento legal, en FORMULATWOIT SL ofrecemos un per\u00edodo de devoluci\u00f3n extendido. Si no est\u00e1 satisfecho con su compra, puede devolver el producto hasta 30 d\u00edas despu\u00e9s de la fecha de recepci\u00f3n.Condici\u00f3n del Producto: Para que la devoluci\u00f3n sea aceptada, el producto debe estar en el mismo estado en que lo recibi\u00f3. [&hellip;]<\/p>\n","protected":false},"author":1,"featured_media":0,"parent":0,"menu_order":0,"comment_status":"closed","ping_status":"closed","template":"","meta":{"_acf_changed":false,"content-type":"","_joinchat":[],"footnotes":""},"class_list":["post-10136","page","type-page","status-publish","hentry"],"acf":[],"_links":{"self":[{"href":"https:\/\/tubo.plus\/fr\/wp-json\/wp\/v2\/pages\/10136","targetHints":{"allow":["GET"]}}],"collection":[{"href":"https:\/\/tubo.plus\/fr\/wp-json\/wp\/v2\/pages"}],"about":[{"href":"https:\/\/tubo.plus\/fr\/wp-json\/wp\/v2\/types\/page"}],"author":[{"embeddable":true,"href":"https:\/\/tubo.plus\/fr\/wp-json\/wp\/v2\/users\/1"}],"replies":[{"embeddable":true,"href":"https:\/\/tubo.plus\/fr\/wp-json\/wp\/v2\/comments?post=10136"}],"version-history":[{"count":1,"href":"https:\/\/tubo.plus\/fr\/wp-json\/wp\/v2\/pages\/10136\/revisions"}],"predecessor-version":[{"id":15005,"href":"https:\/\/tubo.plus\/fr\/wp-json\/wp\/v2\/pages\/10136\/revisions\/15005"}],"wp:attachment":[{"href":"https:\/\/tubo.plus\/fr\/wp-json\/wp\/v2\/media?parent=10136"}],"curies":[{"name":"wp","href":"https:\/\/api.w.org\/{rel}","templated":true}]}}