{"id":10140,"date":"2024-03-13T09:19:40","date_gmt":"2024-03-13T09:19:40","guid":{"rendered":"https:\/\/tubo.plus\/?page_id=10140"},"modified":"2024-03-13T09:19:49","modified_gmt":"2024-03-13T09:19:49","slug":"politique-de-confidentialite","status":"publish","type":"page","link":"https:\/\/tubo.plus\/fr\/politique-de-confidentialite\/","title":{"rendered":"POLITIQUE DE CONFIDENTIALIT\u00c9"},"content":{"rendered":"<p>G\u00c9N\u00c9RALIT\u00c9S<\/p>\n\n\n\n<p>Aux fins des dispositions du R\u00e8glement europ\u00e9en sur la protection des donn\u00e9es UE 2016\/679, du 27 avril, du Parlement et du Conseil, dans la Loi organique 3\/2018, du 5 d\u00e9cembre, sur la protection des donn\u00e9es personnelles et la garantie des droits num\u00e9riques et autres l\u00e9gislations nationales en vigueur, FORMULATWOIT, vous informe qu'il respecte pleinement la l\u00e9gislation en vigueur sur la protection des donn\u00e9es personnelles, ainsi que les engagements de confidentialit\u00e9 inh\u00e9rents \u00e0 son activit\u00e9.<\/p>\n\n\n\n<p>FORMULATWOIT vous informe de l'existence d'un syst\u00e8me de traitement de l'information appartenant \u00e0 FORMULATWOIT \u00e0 des fins de gestion, de communication et d'information. Ce syst\u00e8me est d\u00e9crit dans le registre des activit\u00e9s de traitement correspondant, auquel l'utilisateur peut acc\u00e9der pour v\u00e9rifier l'\u00e9tat de ses donn\u00e9es.<\/p>\n\n\n\n<p>MESURES ET NIVEAUX DE S\u00c9CURIT\u00c9<\/p>\n\n\n\n<p>FORMULATWOIT a adopt\u00e9 les mesures n\u00e9cessaires pour garantir la s\u00e9curit\u00e9 des informations, conform\u00e9ment \u00e0 l'article 32 du RGPD, en fonction de la nature des donn\u00e9es personnelles trait\u00e9es et des circonstances du traitement, afin d'\u00e9viter, dans la mesure du possible et toujours selon l'\u00e9tat de la technique, leur alt\u00e9ration, perte, traitement ou acc\u00e8s non autoris\u00e9, garantissant ainsi la confidentialit\u00e9, l'int\u00e9grit\u00e9 et la disponibilit\u00e9 de ces derni\u00e8res.<\/p>\n\n\n\n<p>CHAMP D'APPLICATION<\/p>\n\n\n\n<p>Les mesures de s\u00e9curit\u00e9 d\u00e9crites par FORMULATWOIT dans le registre des activit\u00e9s de traitement seront appliqu\u00e9es \u00e0 tous les actifs du syst\u00e8me de traitement de l'information dans lequel les donn\u00e9es personnelles sont trait\u00e9es, afin de se conformer \u00e0 la l\u00e9gislation en vigueur en mati\u00e8re de protection des donn\u00e9es.<\/p>\n\n\n\n<p>L'ensemble du personnel employ\u00e9 par FORMULATWOIT et ses sous-traitants est tenu de se conformer aux r\u00e9glementations susmentionn\u00e9es, en accordant une attention particuli\u00e8re \u00e0 ses fonctions et obligations, y compris l'obligation de secret, qui sera d\u00fbment d\u00e9termin\u00e9e par FORMULATWOIT.<\/p>\n\n\n\n<p>COLLECTE DE DONN\u00c9ES<\/p>\n\n\n\n<p>L'acceptation de ces conditions n\u00e9cessite la collecte par l'utilisateur de certaines donn\u00e9es essentielles pour la prestation de ses services, qui lui seront demand\u00e9es personnellement par le biais de formulaires ou de pages Web. Au moment de la collecte des donn\u00e9es, l'utilisateur sera d\u00fbment inform\u00e9 des droits qui lui reviennent.<\/p>\n\n\n\n<p>Afin de garantir que les informations contenues dans notre syst\u00e8me de traitement soient toujours \u00e0 jour et exemptes d'erreurs, nous demandons \u00e0 nos clients et utilisateurs de nous informer dans les plus brefs d\u00e9lais de toute modification ou correction de leurs donn\u00e9es personnelles.<\/p>\n\n\n\n<p>OBJET : EXERCICE DES DROITS<\/p>\n\n\n\n<p>Pour exercer vos droits d'acc\u00e8s, d'opposition, de rectification, d'annulation ou de suppression, de r\u00e9vocation du consentement, de limitation du traitement des donn\u00e9es et de portabilit\u00e9, vous devez contacter FORMULATWOIT, Avenida de los Pe\u00f1ascales N\u00ba14, Torrelodones, province de Madrid, C.P. 28250, Espagne. Vous pouvez \u00e9galement d\u00e9poser une plainte aupr\u00e8s de l'AEPD. Toutefois, d'autres moyens peuvent \u00eatre utilis\u00e9s pour reconna\u00eetre l'identit\u00e9 du client qui exerce l'un des droits susmentionn\u00e9s.<\/p>\n\n\n\n<p>CONSENTEMENT<\/p>\n\n\n\n<p>L'utilisateur consent \u00e0 ce que FORMULATWOIT puisse utiliser ses donn\u00e9es personnelles afin de fournir les services contract\u00e9s.<\/p>\n\n\n\n<p>En remplissant le formulaire figurant sur le site Web ou en envoyant des courriers \u00e9lectroniques ou d'autres communications \u00e0 FORMULATWOIT, l'utilisateur consent express\u00e9ment \u00e0 l'inclusion de ses donn\u00e9es personnelles dans le syst\u00e8me de traitement susmentionn\u00e9, propri\u00e9t\u00e9 de FORMULATWOIT.<\/p>\n\n\n\n<p>Lors de la demande de ces informations, le client ou l'utilisateur sera inform\u00e9 du destinataire des informations, de la finalit\u00e9 de la collecte des donn\u00e9es, de l'identit\u00e9 et de l'adresse de FORMULATWOIT et du droit de l'utilisateur d'exercer les droits d'acc\u00e8s, d'opposition, de rectification, d'annulation ou de suppression, de r\u00e9vocation du consentement, de limitation du traitement des donn\u00e9es et de portabilit\u00e9, et de d\u00e9poser une plainte aupr\u00e8s de l'AEPD (Agence espagnole de protection des donn\u00e9es).<\/p>\n\n\n\n<p>CESSION \u00c0 DES TIERS<\/p>\n\n\n\n<p>FORMULATWOIT ne divulgue pas de donn\u00e9es personnelles sans le consentement expr\u00e8s de ses propri\u00e9taires, qui doit \u00eatre accord\u00e9 \u00e0 chaque fois, et ne divulgue ces donn\u00e9es que dans le but indiqu\u00e9 et toujours avec le consentement de l'utilisateur ou du client.<\/p>\n\n\n\n<p>LA CONFIDENTIALIT\u00c9 ET LE SECRET PROFESSIONNEL<\/p>\n\n\n\n<p>Les donn\u00e9es recueillies dans toutes les communications priv\u00e9es entre FORMULATWOIT et les clients ou utilisateurs seront trait\u00e9es avec une confidentialit\u00e9 absolue, et FORMULATWOIT s'engage \u00e0 respecter l'obligation de confidentialit\u00e9 des donn\u00e9es personnelles, \u00e0 les prot\u00e9ger et \u00e0 adopter toutes les mesures n\u00e9cessaires pour \u00e9viter leur alt\u00e9ration, leur perte et leur traitement ou acc\u00e8s non autoris\u00e9, conform\u00e9ment aux dispositions de la l\u00e9gislation en vigueur.<\/p>\n\n\n\n<p>En outre, sont \u00e9galement consid\u00e9r\u00e9es comme confidentielles les informations de toute nature que les parties \u00e9changent entre elles, celles dont elles conviennent qu'elles sont confidentielles ou celles qui concernent simplement le contenu de ces informations. La visualisation des donn\u00e9es sur Internet n'implique pas l'acc\u00e8s direct \u00e0 celles-ci, sauf accord expr\u00e8s du propri\u00e9taire \u00e0 chaque fois.<\/p>\n\n\n\n<p>Nous recommandons au client de ne pas communiquer \u00e0 FORMULATWOIT les identifiants, mots de passe ou num\u00e9ros de r\u00e9f\u00e9rence que FORMULATWOIT pourrait communiquer \u00e0 des tiers. En outre, afin de garantir la protection du secret professionnel entre FORMULATWOIT et le client dans toutes les communications, le client\/utilisateur ne doit pas divulguer d'informations confidentielles \u00e0 des tiers.<\/p>\n\n\n\n<p>MODIFICATIONS DE LA POLITIQUE DE S\u00c9CURIT\u00c9 ET DE PROTECTION DES DONN\u00c9ES<\/p>\n\n\n\n<p>FORMULATWOIT se r\u00e9serve le droit de modifier sa politique de s\u00e9curit\u00e9 et de protection des donn\u00e9es afin de l'adapter aux nouvelles \u00e9volutions l\u00e9gislatives ou jurisprudentielles, ainsi qu'\u00e0 celles pouvant d\u00e9couler des codes standards existants en la mati\u00e8re, ou en raison de d\u00e9cisions strat\u00e9giques de l'entreprise, avec effet \u00e0 compter de la date de publication de ladite modification sur le site Web de FORMULATWOIT.<\/p>\n\n\n\n<p>ADRESSE DE CONTACT<\/p>\n\n\n\n<p>Ce site est g\u00e9r\u00e9 par FORMULATWOIT, dont le num\u00e9ro de TVA est ESB86840451.<\/p>\n\n\n\n<p>Le syst\u00e8me de traitement de l'information cr\u00e9\u00e9 est situ\u00e9 au si\u00e8ge social, \u00e9tabli aux fins du pr\u00e9sent avis juridique, \u00e0 FORMULATWOIT, Avenida de los Pe\u00f1ascales N\u00ba14, Torrelodones, province de Madrid, C.P. 28250, Espagne, sous la supervision et le contr\u00f4le de FORMULATWOIT, qui assume la responsabilit\u00e9 de l'adoption des mesures de s\u00e9curit\u00e9 techniques et organisationnelles visant \u00e0 prot\u00e9ger la confidentialit\u00e9 et l'int\u00e9grit\u00e9 des informations, conform\u00e9ment aux dispositions du pr\u00e9sent avis juridique. 28250, Espagne, sous la supervision et le contr\u00f4le de FORMULATWOIT, qui assume la responsabilit\u00e9 de l'adoption de mesures de s\u00e9curit\u00e9 techniques et organisationnelles pour prot\u00e9ger la confidentialit\u00e9 et l'int\u00e9grit\u00e9 des informations, conform\u00e9ment aux dispositions du r\u00e8glement europ\u00e9en sur la protection des donn\u00e9es UE 2016\/679, du 27 avril, de la loi organique 3\/2018, du 5 d\u00e9cembre, sur la protection des donn\u00e9es personnelles et la garantie des droits num\u00e9riques, du reste de la r\u00e9glementation nationale en vigueur et d'autres lois applicables.<\/p>\n\n\n\n<p>FORMULATWOIT, conform\u00e9ment \u00e0 la loi 34\/2002, sur les services de la soci\u00e9t\u00e9 de l'information et le commerce \u00e9lectronique, vous informe que le sens large de cette loi inclut parmi ces services la fourniture d'informations par ce moyen. Dans tous les cas, le r\u00e8glement europ\u00e9en sur la protection des donn\u00e9es UE 2016\/679, du 27 avril, la loi organique 3\/2018, du 5 d\u00e9cembre, sur la protection des donn\u00e9es personnelles et la garantie des droits num\u00e9riques, le reste de la r\u00e9glementation nationale en vigueur et son r\u00e8glement de d\u00e9veloppement seront applicables, en particulier en ce qui concerne la collecte de donn\u00e9es personnelles, la fourniture d'informations aux parties int\u00e9ress\u00e9es et la cr\u00e9ation et la maintenance de fichiers de donn\u00e9es personnelles.<\/p>","protected":false},"excerpt":{"rendered":"<p>GENERAL A los efectos de lo previsto en el Reglamento Europeo de Protecci\u00f3n de Datos UE 2016\/679, de 27 de Abril, del Parlamento y el Consejo, en la Ley Org\u00e1nica 3\/2018, de 5 de Diciembre, de Protecci\u00f3n de Datos Personales y Garant\u00eda de los Derechos Digitales y resto de la normativa nacional vigente, FORMULATWOIT, le [&hellip;]<\/p>\n","protected":false},"author":1,"featured_media":0,"parent":0,"menu_order":0,"comment_status":"closed","ping_status":"closed","template":"","meta":{"_acf_changed":false,"content-type":"","_joinchat":[],"footnotes":""},"class_list":["post-10140","page","type-page","status-publish","hentry"],"acf":[],"_links":{"self":[{"href":"https:\/\/tubo.plus\/fr\/wp-json\/wp\/v2\/pages\/10140","targetHints":{"allow":["GET"]}}],"collection":[{"href":"https:\/\/tubo.plus\/fr\/wp-json\/wp\/v2\/pages"}],"about":[{"href":"https:\/\/tubo.plus\/fr\/wp-json\/wp\/v2\/types\/page"}],"author":[{"embeddable":true,"href":"https:\/\/tubo.plus\/fr\/wp-json\/wp\/v2\/users\/1"}],"replies":[{"embeddable":true,"href":"https:\/\/tubo.plus\/fr\/wp-json\/wp\/v2\/comments?post=10140"}],"version-history":[{"count":0,"href":"https:\/\/tubo.plus\/fr\/wp-json\/wp\/v2\/pages\/10140\/revisions"}],"wp:attachment":[{"href":"https:\/\/tubo.plus\/fr\/wp-json\/wp\/v2\/media?parent=10140"}],"curies":[{"name":"wp","href":"https:\/\/api.w.org\/{rel}","templated":true}]}}