{"id":10144,"date":"2024-03-13T09:28:28","date_gmt":"2024-03-13T09:28:28","guid":{"rendered":"https:\/\/tubo.plus\/?page_id=10144"},"modified":"2024-11-13T10:39:16","modified_gmt":"2024-11-13T10:39:16","slug":"avis-juridique","status":"publish","type":"page","link":"https:\/\/tubo.plus\/fr\/avis-juridique\/","title":{"rendered":"AVIS JURIDIQUE"},"content":{"rendered":"<p><strong>OBJET<\/strong><\/p>\n\n\n\n<p>Ce site Web a \u00e9t\u00e9 con\u00e7u pour faire conna\u00eetre les services offerts par FORMULATWOIT, B86840451, Avenida de los Pe\u00f1ascales N\u00ba14, Torrelodones, province de Madrid, C.P. 28250, Espagne, ainsi que pour recevoir des clients potentiels, des contacts commerciaux, des demandes d'emploi et des ventes de produits.<\/p>\n\n\n\n<p><strong>COORDONN\u00c9ES<\/strong><\/p>\n\n\n\n<p>Par courrier \u00e0 l'adresse suivante&nbsp;<a href=\"mailto:info@headpressurizers.com\">info@tubo.pl<\/a>ou par t\u00e9l\u00e9phone au +34 660709968<\/p>\n\n\n\n<p><strong>PROPRI\u00c9T\u00c9 INTELLECTUELLE ET INDUSTRIELLE<\/strong><\/p>\n\n\n\n<p>Les droits de propri\u00e9t\u00e9 intellectuelle des pages\u00a0<strong>TUBE PLUS<\/strong>FORMULATWOIT, son code source, sa conception, ses structures de navigation et les diff\u00e9rents \u00e9l\u00e9ments qu'il contient sont la propri\u00e9t\u00e9 de FORMULATWOIT, qui a le droit exclusif de les exploiter sous quelque forme que ce soit et, en particulier, les droits de reproduction, de distribution, de communication publique et de transformation, conform\u00e9ment \u00e0 la l\u00e9gislation espagnole et \u00e0 la l\u00e9gislation de l'Union europ\u00e9enne applicables en la mati\u00e8re.<\/p>\n\n\n\n<p>Le site Web de FORMULATWOIT, les pages qu'il contient et les informations ou \u00e9l\u00e9ments qui y figurent comprennent des textes, des documents, des photographies, des dessins, des repr\u00e9sentations graphiques, des programmes informatiques, ainsi que des logos, des marques, des noms commerciaux ou d'autres signes distinctifs, prot\u00e9g\u00e9s par des droits de propri\u00e9t\u00e9 intellectuelle ou industrielle, dont FORMULATWOIT est le propri\u00e9taire ou le licenci\u00e9 l\u00e9gitime.<\/p>\n\n\n\n<p><strong>SOMMAIRE<\/strong><\/p>\n\n\n\n<p>Ce site web fournit des informations sur des services destin\u00e9s \u00e0 la connaissance du public, qui seront en tout \u00e9tat de cause soumis aux termes et conditions express\u00e9ment d\u00e9taill\u00e9s \u00e0 tout moment et qui sont accessibles \u00e0 partir de ce site web, lequel sera soumis aux diff\u00e9rentes dispositions l\u00e9gales applicables.<\/p>\n\n\n\n<p><strong>ACC\u00c8S ET UTILISATION<\/strong><\/p>\n\n\n\n<p>L'acc\u00e8s \u00e0 ce site web, ainsi que l'utilisation qui peut \u00eatre faite des informations et des contenus qu'il contient, rel\u00e8vent de la responsabilit\u00e9 exclusive de l'utilisateur.<\/p>\n\n\n\n<p>Les conditions d'acc\u00e8s \u00e0 ce site sont soumises \u00e0 la l\u00e9gislation en vigueur et aux principes de bonne foi et d'utilisation licite par l'utilisateur, et tout type d'action au d\u00e9triment de FORMULATWOIT est g\u00e9n\u00e9ralement interdit.<\/p>\n\n\n\n<p>L'utilisation de ce site web \u00e0 des fins ill\u00e9gales ou non autoris\u00e9es est strictement interdite.<\/p>\n\n\n\n<p>Toute forme d'exploitation, y compris tout type de reproduction, distribution, cession \u00e0 des tiers, communication publique et transformation, par tout type de support et de m\u00e9dia, des \u0153uvres, cr\u00e9ations et signes distinctifs susmentionn\u00e9s sans l'autorisation pr\u00e9alable et expresse de leurs propri\u00e9taires respectifs est interdite. Le non-respect de cette interdiction peut constituer une contrefa\u00e7on sanctionn\u00e9e par la l\u00e9gislation en vigueur.<\/p>\n\n\n\n<p>Toutefois, \u00e0 vos risques et p\u00e9rils, vous pouvez t\u00e9l\u00e9charger ou copier ces \u00e9l\u00e9ments uniquement pour votre usage personnel, \u00e0 condition de ne pas enfreindre les droits de propri\u00e9t\u00e9 intellectuelle ou industrielle de FORMULATWOIT, ni de les modifier en tout ou en partie. Cela ne constitue en aucun cas une autorisation ou une licence des droits de propri\u00e9t\u00e9 de FORMULATWOIT.<\/p>\n\n\n\n<p>Il est interdit, sauf autorisation expresse de FORMULATWOIT, de pr\u00e9senter les pages de FORMULATWOIT, ou les informations qu'elles contiennent, sous des cadres, des signes distinctifs, des marques ou des noms de soci\u00e9t\u00e9 ou de commerce d'une autre personne, soci\u00e9t\u00e9 ou entit\u00e9.<\/p>\n\n\n\n<p><strong>RESPONSABILIT\u00c9<\/strong><\/p>\n\n\n\n<p>FORMULATWOIT n'est en aucun cas responsable des dommages de toute nature que les utilisateurs peuvent causer \u00e0 ce site web ou \u00e0 tout autre site web par l'utilisation ill\u00e9gale ou inappropri\u00e9e de ce site web, ou du contenu et des informations accessibles ou fournies par son interm\u00e9diaire.<\/p>\n\n\n\n<p><strong>SERVICE<\/strong><\/p>\n\n\n\n<p>FORMULATWOIT se r\u00e9serve le droit de suspendre l'acc\u00e8s \u00e0 son site web, sans avis pr\u00e9alable, \u00e0 sa discr\u00e9tion et temporairement, pour des raisons techniques ou autres, et peut \u00e9galement modifier unilat\u00e9ralement tant les conditions d'acc\u00e8s que tout ou partie du contenu qui y est inclus.<\/p>\n\n\n\n<p><strong>G\u00c9N\u00c9RALIT\u00c9S<\/strong><\/p>\n\n\n\n<p>La loi espagnole s'appliquera \u00e0 toutes les questions litigieuses ou concernant le site Web de FORMULATWOIT, et les tribunaux du domicile de l'utilisateur seront comp\u00e9tents pour r\u00e9soudre tous les litiges d\u00e9coulant de l'utilisation de ce site Web ou li\u00e9s \u00e0 celle-ci. L'acc\u00e8s au site Web de FORMULATWOIT implique l'acceptation de toutes les conditions susmentionn\u00e9es.<\/p>\n\n\n\n<p><strong>LIENS HYPERTEXTES<\/strong><\/p>\n\n\n\n<p>Les liens hypertextes pr\u00e9sents sur le site de FORMULATWOIT peuvent renvoyer \u00e0 des sites tiers. FORMULATWOIT n'assume aucune responsabilit\u00e9 quant au contenu, aux informations ou aux services qui peuvent figurer sur ces sites, lesquels ont un caract\u00e8re purement informatif et n'impliquent en aucun cas une quelconque relation entre FORMULATWOIT et les personnes ou entit\u00e9s propri\u00e9taires de ces contenus ou les propri\u00e9taires des sites sur lesquels ils se trouvent.<\/p>","protected":false},"excerpt":{"rendered":"<p>OBJETO La presente p\u00e1gina Web ha sido dise\u00f1ada para dar a conocer los servicios ofertados por la entidad FORMULATWOIT, B86840451, Avenida de los Pe\u00f1ascales N\u00ba14 de Torrelodones, provincia de Madrid, con C.P. 28250, Espa\u00f1a, as\u00ed como para la recepci\u00f3n de posibles clientes, contactos comerciales, demandas de empleo y ventas de productos. DATOS DE CONTACTO A [&hellip;]<\/p>\n","protected":false},"author":1,"featured_media":0,"parent":0,"menu_order":0,"comment_status":"closed","ping_status":"closed","template":"","meta":{"_acf_changed":false,"content-type":"","_joinchat":[],"footnotes":""},"class_list":["post-10144","page","type-page","status-publish","hentry"],"acf":[],"_links":{"self":[{"href":"https:\/\/tubo.plus\/fr\/wp-json\/wp\/v2\/pages\/10144","targetHints":{"allow":["GET"]}}],"collection":[{"href":"https:\/\/tubo.plus\/fr\/wp-json\/wp\/v2\/pages"}],"about":[{"href":"https:\/\/tubo.plus\/fr\/wp-json\/wp\/v2\/types\/page"}],"author":[{"embeddable":true,"href":"https:\/\/tubo.plus\/fr\/wp-json\/wp\/v2\/users\/1"}],"replies":[{"embeddable":true,"href":"https:\/\/tubo.plus\/fr\/wp-json\/wp\/v2\/comments?post=10144"}],"version-history":[{"count":2,"href":"https:\/\/tubo.plus\/fr\/wp-json\/wp\/v2\/pages\/10144\/revisions"}],"predecessor-version":[{"id":12549,"href":"https:\/\/tubo.plus\/fr\/wp-json\/wp\/v2\/pages\/10144\/revisions\/12549"}],"wp:attachment":[{"href":"https:\/\/tubo.plus\/fr\/wp-json\/wp\/v2\/media?parent=10144"}],"curies":[{"name":"wp","href":"https:\/\/api.w.org\/{rel}","templated":true}]}}