{"id":12590,"date":"2024-11-15T11:10:29","date_gmt":"2024-11-15T11:10:29","guid":{"rendered":"https:\/\/tubo.plus\/?page_id=12590"},"modified":"2025-11-09T19:47:34","modified_gmt":"2025-11-09T18:47:34","slug":"a-propos-de-nous","status":"publish","type":"page","link":"https:\/\/tubo.plus\/fr\/a-propos-de-nous\/","title":{"rendered":"A propos de nous"},"content":{"rendered":"<div data-elementor-type=\"wp-page\" data-elementor-id=\"12590\" class=\"elementor elementor-12590\" data-elementor-post-type=\"page\">\n\t\t\t\t\t\t<section class=\"elementor-section elementor-top-section elementor-element elementor-element-35be363 elementor-section-boxed elementor-section-height-default elementor-section-height-default\" data-id=\"35be363\" data-element_type=\"section\" data-settings=\"{&quot;background_background&quot;:&quot;classic&quot;}\">\n\t\t\t\t\t\t<div class=\"elementor-container elementor-column-gap-default\">\n\t\t\t\t\t<div class=\"elementor-column elementor-col-100 elementor-top-column elementor-element elementor-element-deb9bca\" data-id=\"deb9bca\" data-element_type=\"column\">\n\t\t\t<div class=\"elementor-widget-wrap elementor-element-populated\">\n\t\t\t\t\t\t<div class=\"elementor-element elementor-element-4e50850 elementor-widget elementor-widget-heading\" data-id=\"4e50850\" data-element_type=\"widget\" data-widget_type=\"heading.default\">\n\t\t\t\t<div class=\"elementor-widget-container\">\n\t\t\t\t\t<h1 class=\"elementor-heading-title elementor-size-default\">Qui Sommes-Nous?<\/h1>\t\t\t\t<\/div>\n\t\t\t\t<\/div>\n\t\t\t\t<div class=\"elementor-element elementor-element-e146075 elementor-widget elementor-widget-spacer\" data-id=\"e146075\" data-element_type=\"widget\" data-widget_type=\"spacer.default\">\n\t\t\t\t<div class=\"elementor-widget-container\">\n\t\t\t\t\t\t\t<div class=\"elementor-spacer\">\n\t\t\t<div class=\"elementor-spacer-inner\"><\/div>\n\t\t<\/div>\n\t\t\t\t\t\t<\/div>\n\t\t\t\t<\/div>\n\t\t\t\t\t<\/div>\n\t\t<\/div>\n\t\t\t\t\t<\/div>\n\t\t<\/section>\n\t\t\t\t<section class=\"elementor-section elementor-top-section elementor-element elementor-element-74846f50 elementor-section-full_width elementor-section-height-default elementor-section-height-default\" data-id=\"74846f50\" data-element_type=\"section\" data-settings=\"{&quot;background_background&quot;:&quot;classic&quot;}\">\n\t\t\t\t\t\t<div class=\"elementor-container elementor-column-gap-default\">\n\t\t\t\t\t<div class=\"elementor-column elementor-col-50 elementor-top-column elementor-element elementor-element-272b580f\" data-id=\"272b580f\" data-element_type=\"column\">\n\t\t\t<div class=\"elementor-widget-wrap elementor-element-populated\">\n\t\t\t\t\t\t<div class=\"elementor-element elementor-element-5e19524f elementor-widget elementor-widget-video\" data-id=\"5e19524f\" data-element_type=\"widget\" data-settings=\"{&quot;youtube_url&quot;:&quot;https:\\\/\\\/www.youtube.com\\\/watch?v=Xt4V0AJVZ7c&quot;,&quot;video_type&quot;:&quot;youtube&quot;,&quot;controls&quot;:&quot;yes&quot;}\" data-widget_type=\"video.default\">\n\t\t\t\t<div class=\"elementor-widget-container\">\n\t\t\t\t\t\t\t<div class=\"elementor-wrapper elementor-open-inline\">\n\t\t\t<div class=\"elementor-video\"><\/div>\t\t<\/div>\n\t\t\t\t\t\t<\/div>\n\t\t\t\t<\/div>\n\t\t\t\t\t<\/div>\n\t\t<\/div>\n\t\t\t\t<div class=\"elementor-column elementor-col-50 elementor-top-column elementor-element elementor-element-2f4bf589\" data-id=\"2f4bf589\" data-element_type=\"column\" data-settings=\"{&quot;background_background&quot;:&quot;classic&quot;}\">\n\t\t\t<div class=\"elementor-widget-wrap elementor-element-populated\">\n\t\t\t\t\t\t<div class=\"elementor-element elementor-element-6b5501d6 elementor-widget elementor-widget-heading\" data-id=\"6b5501d6\" data-element_type=\"widget\" data-widget_type=\"heading.default\">\n\t\t\t\t<div class=\"elementor-widget-container\">\n\t\t\t\t\t<h2 class=\"elementor-heading-title elementor-size-default\">L'histoire de TuboPlus<\/h2>\t\t\t\t<\/div>\n\t\t\t\t<\/div>\n\t\t\t\t<div class=\"elementor-element elementor-element-596b42ab elementor-widget elementor-widget-text-editor\" data-id=\"596b42ab\" data-element_type=\"widget\" data-widget_type=\"text-editor.default\">\n\t\t\t\t<div class=\"elementor-widget-container\">\n\t\t\t\t\t\t\t\t\t<p>Juanjo Mu\u00f1oz, PDG de TuboPlus, Head Pressurizers et de la derni\u00e8re gamme innovante de pressuriseurs 29PSI, a identifi\u00e9 un probl\u00e8me courant dans le monde du tennis et du padel : les balles perdent de la pression avec le temps, m\u00eame lorsqu'elles ne sont pas utilis\u00e9es. Cela l'a amen\u00e9 \u00e0 chercher une solution, car non seulement cela affecte la qualit\u00e9 du jeu, mais cela repr\u00e9sente aussi une d\u00e9pense inutile et un impact n\u00e9gatif sur l'environnement en raison de l'augmentation des d\u00e9chets et des \u00e9missions de CO2 dues \u00e0 la fabrication de nouvelles balles. Afin de relever ces d\u00e9fis, une gamme de pressuriseurs con\u00e7us pour maintenir et restaurer la pression des balles a \u00e9t\u00e9 d\u00e9velopp\u00e9e, prolongeant ainsi la dur\u00e9e de vie des balles et am\u00e9liorant l'exp\u00e9rience de jeu. Apr\u00e8s un long parcours, au cours duquel diff\u00e9rentes gammes de pressuriseurs ont \u00e9t\u00e9 con\u00e7ues avec des designs diff\u00e9rents, en \u00e9tudiant et en analysant toutes sortes de donn\u00e9es, les pressuriseurs 29PSI constituent la gamme la plus r\u00e9cente et la plus efficace sur le march\u00e9.<\/p>\t\t\t\t\t\t\t\t<\/div>\n\t\t\t\t<\/div>\n\t\t\t\t<div class=\"elementor-element elementor-element-1996ba86 elementor-widget elementor-widget-button\" data-id=\"1996ba86\" data-element_type=\"widget\" data-widget_type=\"button.default\">\n\t\t\t\t<div class=\"elementor-widget-container\">\n\t\t\t\t\t\t\t\t\t<div class=\"elementor-button-wrapper\">\n\t\t\t\t\t<a class=\"elementor-button elementor-button-link elementor-size-sm\" href=\"https:\/\/tubo.plus\/fr\/boutique\/\">\n\t\t\t\t\t\t<span class=\"elementor-button-content-wrapper\">\n\t\t\t\t\t\t\t\t\t<span class=\"elementor-button-text\">VOIR LES PRODUITS<\/span>\n\t\t\t\t\t<\/span>\n\t\t\t\t\t<\/a>\n\t\t\t\t<\/div>\n\t\t\t\t\t\t\t\t<\/div>\n\t\t\t\t<\/div>\n\t\t\t\t\t<\/div>\n\t\t<\/div>\n\t\t\t\t\t<\/div>\n\t\t<\/section>\n\t\t\t\t<section class=\"elementor-section elementor-top-section elementor-element elementor-element-187cf29 elementor-section-boxed elementor-section-height-default elementor-section-height-default\" data-id=\"187cf29\" data-element_type=\"section\">\n\t\t\t\t\t\t<div class=\"elementor-container elementor-column-gap-default\">\n\t\t\t\t\t<div class=\"elementor-column elementor-col-50 elementor-top-column elementor-element elementor-element-72e778d9\" data-id=\"72e778d9\" data-element_type=\"column\">\n\t\t\t<div class=\"elementor-widget-wrap elementor-element-populated\">\n\t\t\t\t\t\t<div class=\"elementor-element elementor-element-80d08d1 elementor-widget elementor-widget-heading\" data-id=\"80d08d1\" data-element_type=\"widget\" data-widget_type=\"heading.default\">\n\t\t\t\t<div class=\"elementor-widget-container\">\n\t\t\t\t\t<h2 class=\"elementor-heading-title elementor-size-default\">Notre engagement en faveur de la qualit\u00e9 et du d\u00e9veloppement durable<\/h2>\t\t\t\t<\/div>\n\t\t\t\t<\/div>\n\t\t\t\t<div class=\"elementor-element elementor-element-38816392 elementor-widget elementor-widget-text-editor\" data-id=\"38816392\" data-element_type=\"widget\" data-widget_type=\"text-editor.default\">\n\t\t\t\t<div class=\"elementor-widget-container\">\n\t\t\t\t\t\t\t\t\t<p>Les pressuriseurs TuboPlus pr\u00e9sentent de nombreux avantages. Non seulement ils aident l'environnement en r\u00e9duisant la pollution caus\u00e9e par l'\u00e9limination de tant de balles jour apr\u00e8s jour, mais ils permettent \u00e9galement de r\u00e9duire les co\u00fbts, de stimuler votre jeu et de l'amener au plus haut niveau. Ils vous permettent \u00e9galement de r\u00e9duire les co\u00fbts, d'am\u00e9liorer votre jeu et de le porter au plus haut niveau, en cr\u00e9ant un rebond plus homog\u00e8ne et en \u00e9vitant tout type de blessure due \u00e0 un mauvais rebond de la balle.<\/p>\t\t\t\t\t\t\t\t<\/div>\n\t\t\t\t<\/div>\n\t\t\t\t\t<\/div>\n\t\t<\/div>\n\t\t\t\t<div class=\"elementor-column elementor-col-50 elementor-top-column elementor-element elementor-element-5e02728\" data-id=\"5e02728\" data-element_type=\"column\">\n\t\t\t<div class=\"elementor-widget-wrap elementor-element-populated\">\n\t\t\t\t\t\t<div class=\"elementor-element elementor-element-1b327348 elementor-widget elementor-widget-video\" data-id=\"1b327348\" data-element_type=\"widget\" data-settings=\"{&quot;youtube_url&quot;:&quot;https:\\\/\\\/www.youtube.com\\\/watch?v=42s9K7jM75E&quot;,&quot;video_type&quot;:&quot;youtube&quot;,&quot;controls&quot;:&quot;yes&quot;}\" data-widget_type=\"video.default\">\n\t\t\t\t<div class=\"elementor-widget-container\">\n\t\t\t\t\t\t\t<div class=\"elementor-wrapper elementor-open-inline\">\n\t\t\t<div class=\"elementor-video\"><\/div>\t\t<\/div>\n\t\t\t\t\t\t<\/div>\n\t\t\t\t<\/div>\n\t\t\t\t\t<\/div>\n\t\t<\/div>\n\t\t\t\t\t<\/div>\n\t\t<\/section>\n\t\t\t\t<section class=\"elementor-section elementor-top-section elementor-element elementor-element-7be26f73 elementor-reverse-tablet elementor-reverse-mobile elementor-section-boxed elementor-section-height-default elementor-section-height-default\" data-id=\"7be26f73\" data-element_type=\"section\">\n\t\t\t\t\t\t<div class=\"elementor-container elementor-column-gap-default\">\n\t\t\t\t\t<div class=\"elementor-column elementor-col-50 elementor-top-column elementor-element elementor-element-769950e9\" data-id=\"769950e9\" data-element_type=\"column\">\n\t\t\t<div class=\"elementor-widget-wrap elementor-element-populated\">\n\t\t\t\t\t\t<div class=\"elementor-element elementor-element-7b18892d elementor-widget elementor-widget-video\" data-id=\"7b18892d\" data-element_type=\"widget\" data-settings=\"{&quot;youtube_url&quot;:&quot;https:\\\/\\\/youtu.be\\\/HaN15TKcVYU&quot;,&quot;video_type&quot;:&quot;youtube&quot;,&quot;controls&quot;:&quot;yes&quot;}\" data-widget_type=\"video.default\">\n\t\t\t\t<div class=\"elementor-widget-container\">\n\t\t\t\t\t\t\t<div class=\"elementor-wrapper elementor-open-inline\">\n\t\t\t<div class=\"elementor-video\"><\/div>\t\t<\/div>\n\t\t\t\t\t\t<\/div>\n\t\t\t\t<\/div>\n\t\t\t\t\t<\/div>\n\t\t<\/div>\n\t\t\t\t<div class=\"elementor-column elementor-col-50 elementor-top-column elementor-element elementor-element-3c19bb20\" data-id=\"3c19bb20\" data-element_type=\"column\">\n\t\t\t<div class=\"elementor-widget-wrap elementor-element-populated\">\n\t\t\t\t\t\t<div class=\"elementor-element elementor-element-6174b90a elementor-widget elementor-widget-heading\" data-id=\"6174b90a\" data-element_type=\"widget\" data-widget_type=\"heading.default\">\n\t\t\t\t<div class=\"elementor-widget-container\">\n\t\t\t\t\t<h2 class=\"elementor-heading-title elementor-size-default\">Notre usine<\/h2>\t\t\t\t<\/div>\n\t\t\t\t<\/div>\n\t\t\t\t<div class=\"elementor-element elementor-element-18eb679f elementor-widget elementor-widget-text-editor\" data-id=\"18eb679f\" data-element_type=\"widget\" data-widget_type=\"text-editor.default\">\n\t\t\t\t<div class=\"elementor-widget-container\">\n\t\t\t\t\t\t\t\t\t<p>Nous ouvrons les portes d'Inymon, l'une de nos deux usines \u00e0 Saragosse o\u00f9 nous concevons, cr\u00e9ons et fabriquons les diff\u00e9rentes gammes de tous nos pressuriseurs. Nos produits passent par diff\u00e9rentes \u00e9tapes de production et de contr\u00f4le gr\u00e2ce \u00e0 diff\u00e9rentes machines sp\u00e9cialis\u00e9es. Comme vous pouvez le voir dans la vid\u00e9o, tous les processus sont parfaitement automatis\u00e9s et contr\u00f4l\u00e9s dans le temps. C'est un plaisir de montrer les diff\u00e9rentes \u00e9tapes par lesquelles passent nos produits avant d'\u00eatre lanc\u00e9s sur le march\u00e9 international.<\/p>\t\t\t\t\t\t\t\t<\/div>\n\t\t\t\t<\/div>\n\t\t\t\t\t<\/div>\n\t\t<\/div>\n\t\t\t\t\t<\/div>\n\t\t<\/section>\n\t\t\t\t<section class=\"elementor-section elementor-top-section elementor-element elementor-element-676e8109 elementor-section-boxed elementor-section-height-default elementor-section-height-default\" data-id=\"676e8109\" data-element_type=\"section\" data-settings=\"{&quot;background_background&quot;:&quot;classic&quot;}\">\n\t\t\t\t\t\t<div class=\"elementor-container elementor-column-gap-default\">\n\t\t\t\t\t<div class=\"elementor-column elementor-col-50 elementor-top-column elementor-element elementor-element-39ba438c\" data-id=\"39ba438c\" data-element_type=\"column\">\n\t\t\t<div class=\"elementor-widget-wrap elementor-element-populated\">\n\t\t\t\t\t\t<div class=\"elementor-element elementor-element-123040dc elementor-widget elementor-widget-heading\" data-id=\"123040dc\" data-element_type=\"widget\" data-widget_type=\"heading.default\">\n\t\t\t\t<div class=\"elementor-widget-container\">\n\t\t\t\t\t<h2 class=\"elementor-heading-title elementor-size-default\">Innovation et leadership sur le march\u00e9<\/h2>\t\t\t\t<\/div>\n\t\t\t\t<\/div>\n\t\t\t\t<div class=\"elementor-element elementor-element-211ccb05 elementor-widget__width-initial elementor-widget elementor-widget-text-editor\" data-id=\"211ccb05\" data-element_type=\"widget\" data-widget_type=\"text-editor.default\">\n\t\t\t\t<div class=\"elementor-widget-container\">\n\t\t\t\t\t\t\t\t\t<p>Gr\u00e2ce \u00e0 notre d\u00e9vouement et \u00e0 notre engagement, les produits <strong>TuboPlus&nbsp;<\/strong>\u00a0sont rapidement devenus indispensables aux joueurs de tennis et de padel. Aujourd'hui, nous sommes le leader des ventes dans les magasins de sport, en particulier dans la cat\u00e9gorie des sports de raquette. Notre innovation profite non seulement aux joueurs en leur fournissant des balles dans un \u00e9tat optimal, mais contribue \u00e9galement \u00e0 l'am\u00e9lioration de leurs performances. <strong>un environnement plus durable<\/strong> en r\u00e9duisant les d\u00e9chets et les \u00e9missions.<\/p>\t\t\t\t\t\t\t\t<\/div>\n\t\t\t\t<\/div>\n\t\t\t\t\t<\/div>\n\t\t<\/div>\n\t\t\t\t<div class=\"elementor-column elementor-col-50 elementor-top-column elementor-element elementor-element-1daea328\" data-id=\"1daea328\" data-element_type=\"column\">\n\t\t\t<div class=\"elementor-widget-wrap elementor-element-populated\">\n\t\t\t\t\t\t<div class=\"elementor-element elementor-element-7e82f193 elementor-widget elementor-widget-image\" data-id=\"7e82f193\" data-element_type=\"widget\" data-widget_type=\"image.default\">\n\t\t\t\t<div class=\"elementor-widget-container\">\n\t\t\t\t\t\t\t\t\t\t\t\t\t\t\t<img fetchpriority=\"high\" decoding=\"async\" width=\"800\" height=\"450\" src=\"https:\/\/tubo.plus\/wp-content\/uploads\/2024\/11\/presurizadores-de-pelotas-29psi-scaled-1-1024x576.jpg\" class=\"attachment-large size-large wp-image-12595\" alt=\"\" srcset=\"https:\/\/tubo.plus\/wp-content\/uploads\/2024\/11\/presurizadores-de-pelotas-29psi-scaled-1-1024x576.jpg 1024w, https:\/\/tubo.plus\/wp-content\/uploads\/2024\/11\/presurizadores-de-pelotas-29psi-scaled-1-300x169.jpg 300w, https:\/\/tubo.plus\/wp-content\/uploads\/2024\/11\/presurizadores-de-pelotas-29psi-scaled-1-768x432.jpg 768w, https:\/\/tubo.plus\/wp-content\/uploads\/2024\/11\/presurizadores-de-pelotas-29psi-scaled-1-1536x864.jpg 1536w, https:\/\/tubo.plus\/wp-content\/uploads\/2024\/11\/presurizadores-de-pelotas-29psi-scaled-1-2048x1152.jpg 2048w, https:\/\/tubo.plus\/wp-content\/uploads\/2024\/11\/presurizadores-de-pelotas-29psi-scaled-1-18x10.jpg 18w, https:\/\/tubo.plus\/wp-content\/uploads\/2024\/11\/presurizadores-de-pelotas-29psi-scaled-1-1000x563.jpg 1000w\" sizes=\"(max-width: 800px) 100vw, 800px\" \/>\t\t\t\t\t\t\t\t\t\t\t\t\t\t\t<\/div>\n\t\t\t\t<\/div>\n\t\t\t\t\t<\/div>\n\t\t<\/div>\n\t\t\t\t\t<\/div>\n\t\t<\/section>\n\t\t\t\t<section class=\"elementor-section elementor-top-section elementor-element elementor-element-9d85871 elementor-section-boxed elementor-section-height-default elementor-section-height-default\" data-id=\"9d85871\" data-element_type=\"section\" data-settings=\"{&quot;background_background&quot;:&quot;classic&quot;}\">\n\t\t\t\t\t\t<div class=\"elementor-container elementor-column-gap-default\">\n\t\t\t\t\t<div class=\"elementor-column elementor-col-33 elementor-top-column elementor-element elementor-element-4ac6ef53\" data-id=\"4ac6ef53\" data-element_type=\"column\" data-settings=\"{&quot;background_background&quot;:&quot;classic&quot;}\">\n\t\t\t<div class=\"elementor-widget-wrap elementor-element-populated\">\n\t\t\t\t\t\t<div class=\"elementor-element elementor-element-30a0865f elementor-widget elementor-widget-heading\" data-id=\"30a0865f\" data-element_type=\"widget\" data-widget_type=\"heading.default\">\n\t\t\t\t<div class=\"elementor-widget-container\">\n\t\t\t\t\t<h2 class=\"elementor-heading-title elementor-size-default\">Notre <br>L'\u00e9quipe<\/h2>\t\t\t\t<\/div>\n\t\t\t\t<\/div>\n\t\t\t\t<div class=\"elementor-element elementor-element-20d5f470 elementor-widget elementor-widget-text-editor\" data-id=\"20d5f470\" data-element_type=\"widget\" data-widget_type=\"text-editor.default\">\n\t\t\t\t<div class=\"elementor-widget-container\">\n\t\t\t\t\t\t\t\t\t<div class=\"elementor-element elementor-element-952eba0 elementor-widget elementor-widget-text-editor\" data-id=\"952eba0\" data-element_type=\"widget\" data-widget_type=\"text-editor.default\"><div class=\"elementor-widget-container\"><section class=\"elementor-section elementor-top-section elementor-element elementor-element-036143d elementor-section-boxed elementor-section-height-default elementor-section-height-default\" data-id=\"036143d\" data-element_type=\"section\"><div class=\"elementor-container elementor-column-gap-default\"><div class=\"elementor-column elementor-col-100 elementor-top-column elementor-element elementor-element-dbb24d6\" data-id=\"dbb24d6\" data-element_type=\"column\"><div class=\"elementor-widget-wrap elementor-element-populated\"><div class=\"elementor-element elementor-element-bf73604 elementor-widget elementor-widget-text-editor\" data-id=\"bf73604\" data-element_type=\"widget\" data-widget_type=\"text-editor.default\"><div class=\"elementor-widget-container\"><p>L'\u00e9quipe de <strong>TuboPlus&nbsp;<\/strong>\u00a0est compos\u00e9 de professionnels passionn\u00e9s par le sport et la technologie. Chaque membre apporte son expertise et son enthousiasme, travaillant ensemble pour cr\u00e9er des produits qui font vraiment la diff\u00e9rence.<span style=\"font-size: 1rem;\">\u00a0<\/span><\/p><\/div><\/div><\/div><\/div><\/div><\/section><\/div><\/div>\t\t\t\t\t\t\t\t<\/div>\n\t\t\t\t<\/div>\n\t\t\t\t\t<\/div>\n\t\t<\/div>\n\t\t\t\t<div class=\"elementor-column elementor-col-33 elementor-top-column elementor-element elementor-element-6bb7108a\" data-id=\"6bb7108a\" data-element_type=\"column\" data-settings=\"{&quot;background_background&quot;:&quot;classic&quot;}\">\n\t\t\t<div class=\"elementor-widget-wrap elementor-element-populated\">\n\t\t\t\t\t\t<div class=\"elementor-element elementor-element-4b14988a elementor-widget elementor-widget-heading\" data-id=\"4b14988a\" data-element_type=\"widget\" data-widget_type=\"heading.default\">\n\t\t\t\t<div class=\"elementor-widget-container\">\n\t\t\t\t\t<h2 class=\"elementor-heading-title elementor-size-default\">Valeurs et engagement\n<\/h2>\t\t\t\t<\/div>\n\t\t\t\t<\/div>\n\t\t\t\t<div class=\"elementor-element elementor-element-13abc983 elementor-widget elementor-widget-text-editor\" data-id=\"13abc983\" data-element_type=\"widget\" data-widget_type=\"text-editor.default\">\n\t\t\t\t<div class=\"elementor-widget-container\">\n\t\t\t\t\t\t\t\t\t<div class=\"elementor-element elementor-element-952eba0 elementor-widget elementor-widget-text-editor\" data-id=\"952eba0\" data-element_type=\"widget\" data-widget_type=\"text-editor.default\"><div class=\"elementor-widget-container\"><section class=\"elementor-section elementor-top-section elementor-element elementor-element-036143d elementor-section-boxed elementor-section-height-default elementor-section-height-default\" data-id=\"036143d\" data-element_type=\"section\"><div class=\"elementor-container elementor-column-gap-default\"><div class=\"elementor-column elementor-col-100 elementor-top-column elementor-element elementor-element-dbb24d6\" data-id=\"dbb24d6\" data-element_type=\"column\"><div class=\"elementor-widget-wrap elementor-element-populated\"><div class=\"elementor-element elementor-element-bf73604 elementor-widget elementor-widget-text-editor\" data-id=\"bf73604\" data-element_type=\"widget\" data-widget_type=\"text-editor.default\"><div class=\"elementor-widget-container\"><p>Nos valeurs fondamentales sont l'int\u00e9grit\u00e9, la qualit\u00e9 et l'engagement envers la communaut\u00e9. Nous nous effor\u00e7ons de faire ce qu'il faut et de fournir des produits de la plus haute qualit\u00e9. <strong>haute qualit\u00e9&nbsp; <\/strong>et soutenir notre communaut\u00e9 et l'environnement \u00e0 chaque \u00e9tape.<\/p><\/div><\/div><\/div><\/div><\/div><\/section><\/div><\/div><div class=\"elementor-element elementor-element-7988818 elementor-mobile-button-align-center elementor-button-align-stretch elementor-widget elementor-widget-form\" data-id=\"7988818\" data-element_type=\"widget\" data-settings=\"{&quot;button_width&quot;:&quot;33&quot;,&quot;step_next_label&quot;:&quot;Next&quot;,&quot;step_previous_label&quot;:&quot;Previous&quot;,&quot;button_width_mobile&quot;:&quot;100&quot;,&quot;step_type&quot;:&quot;number_text&quot;,&quot;step_icon_shape&quot;:&quot;circle&quot;}\" data-widget_type=\"form.default\"><div class=\"elementor-widget-container\"><form class=\"elementor-form\" method=\"post\" name=\"New Form\" action=\"\"><div class=\"elementor-form-fields-wrapper elementor-labels-\"><div class=\"elementor-field-type-email elementor-field-group elementor-column elementor-field-group-email elementor-col-66 elementor-sm-100 elementor-field-required\">\u00a0<\/div><\/div><input type=\"hidden\" name=\"trp-form-language\" value=\"fr\"\/><\/form><\/div><\/div>\t\t\t\t\t\t\t\t<\/div>\n\t\t\t\t<\/div>\n\t\t\t\t\t<\/div>\n\t\t<\/div>\n\t\t\t\t<div class=\"elementor-column elementor-col-33 elementor-top-column elementor-element elementor-element-3ea58077\" data-id=\"3ea58077\" data-element_type=\"column\" data-settings=\"{&quot;background_background&quot;:&quot;classic&quot;}\">\n\t\t\t<div class=\"elementor-widget-wrap elementor-element-populated\">\n\t\t\t\t\t\t<div class=\"elementor-element elementor-element-4db56c3 elementor-widget elementor-widget-heading\" data-id=\"4db56c3\" data-element_type=\"widget\" data-widget_type=\"heading.default\">\n\t\t\t\t<div class=\"elementor-widget-container\">\n\t\t\t\t\t<h2 class=\"elementor-heading-title elementor-size-default\">Rejoindre notre communaut\u00e9\n<\/h2>\t\t\t\t<\/div>\n\t\t\t\t<\/div>\n\t\t\t\t<div class=\"elementor-element elementor-element-c0425e9 elementor-widget elementor-widget-text-editor\" data-id=\"c0425e9\" data-element_type=\"widget\" data-widget_type=\"text-editor.default\">\n\t\t\t\t<div class=\"elementor-widget-container\">\n\t\t\t\t\t\t\t\t\t<div class=\"elementor-element elementor-element-952eba0 elementor-widget elementor-widget-text-editor\" data-id=\"952eba0\" data-element_type=\"widget\" data-widget_type=\"text-editor.default\"><div class=\"elementor-widget-container\"><p>Merci d'avoir pris le temps de mieux nous conna\u00eetre. A l'adresse <strong>TuboPlus&nbsp;<\/strong>Nous sommes l\u00e0 pour vous et nous aimerions avoir de vos nouvelles. Explorez notre site web, contactez-nous pour toute question ou suivez-nous sur nos r\u00e9seaux sociaux pour vous tenir au courant de notre actualit\u00e9 et partager votre exp\u00e9rience avec nous.<\/p><\/div><\/div><div class=\"elementor-element elementor-element-7988818 elementor-mobile-button-align-center elementor-button-align-stretch elementor-widget elementor-widget-form\" data-id=\"7988818\" data-element_type=\"widget\" data-settings=\"{&quot;button_width&quot;:&quot;33&quot;,&quot;step_next_label&quot;:&quot;Next&quot;,&quot;step_previous_label&quot;:&quot;Previous&quot;,&quot;button_width_mobile&quot;:&quot;100&quot;,&quot;step_type&quot;:&quot;number_text&quot;,&quot;step_icon_shape&quot;:&quot;circle&quot;}\" data-widget_type=\"form.default\"><div class=\"elementor-widget-container\"><form class=\"elementor-form\" method=\"post\" name=\"New Form\" action=\"\"><div class=\"elementor-form-fields-wrapper elementor-labels-\"><div class=\"elementor-field-type-email elementor-field-group elementor-column elementor-field-group-email elementor-col-66 elementor-sm-100 elementor-field-required\">\u00a0<\/div><\/div><input type=\"hidden\" name=\"trp-form-language\" value=\"fr\"\/><\/form><\/div><\/div>\t\t\t\t\t\t\t\t<\/div>\n\t\t\t\t<\/div>\n\t\t\t\t\t<\/div>\n\t\t<\/div>\n\t\t\t\t\t<\/div>\n\t\t<\/section>\n\t\t\t\t<\/div>","protected":false},"excerpt":{"rendered":"<p>Qui\u00e9nes Somos LA HISTORIA DE TuboPlus Juanjo Mu\u00f1oz, CEO de TuboPlus, Head Pressurizers y la \u00faltima y novedosa gama de presurizadores 29PSI, identific\u00f3 un problema com\u00fan en el mundo del tenis y p\u00e1del: las pelotas pierden presi\u00f3n con el tiempo, incluso cuando no se utilizan. Este motivo lo llev\u00f3 a buscar una soluci\u00f3n, ya que [&hellip;]<\/p>\n","protected":false},"author":12,"featured_media":0,"parent":0,"menu_order":0,"comment_status":"closed","ping_status":"closed","template":"","meta":{"_acf_changed":false,"content-type":"","_joinchat":[],"footnotes":""},"class_list":["post-12590","page","type-page","status-publish","hentry"],"acf":[],"_links":{"self":[{"href":"https:\/\/tubo.plus\/fr\/wp-json\/wp\/v2\/pages\/12590","targetHints":{"allow":["GET"]}}],"collection":[{"href":"https:\/\/tubo.plus\/fr\/wp-json\/wp\/v2\/pages"}],"about":[{"href":"https:\/\/tubo.plus\/fr\/wp-json\/wp\/v2\/types\/page"}],"author":[{"embeddable":true,"href":"https:\/\/tubo.plus\/fr\/wp-json\/wp\/v2\/users\/12"}],"replies":[{"embeddable":true,"href":"https:\/\/tubo.plus\/fr\/wp-json\/wp\/v2\/comments?post=12590"}],"version-history":[{"count":5,"href":"https:\/\/tubo.plus\/fr\/wp-json\/wp\/v2\/pages\/12590\/revisions"}],"predecessor-version":[{"id":13886,"href":"https:\/\/tubo.plus\/fr\/wp-json\/wp\/v2\/pages\/12590\/revisions\/13886"}],"wp:attachment":[{"href":"https:\/\/tubo.plus\/fr\/wp-json\/wp\/v2\/media?parent=12590"}],"curies":[{"name":"wp","href":"https:\/\/api.w.org\/{rel}","templated":true}]}}