{"id":11427,"date":"2024-06-06T21:34:18","date_gmt":"2024-06-06T21:34:18","guid":{"rendered":"https:\/\/tubo.plus\/?post_type=product&#038;p=11427"},"modified":"2025-06-02T09:50:24","modified_gmt":"2025-06-02T09:50:24","slug":"tubox4-crystal-sans-pompe-2","status":"publish","type":"product","link":"https:\/\/tubo.plus\/fr\/produit-4\/tubox4-crystal-sans-pompe-2\/","title":{"rendered":"TuboX4 Crystal avec pompe \u00e0 air"},"content":{"rendered":"<ul>\n<li><strong>L'ASSISTANCE TECHNIQUE :<\/strong>\u00a0TuboX4 Crystal b\u00e9n\u00e9ficie de l'assistance technique de TuboPlus pour r\u00e9pondre \u00e0 toutes les questions op\u00e9rationnelles.<br \/>\nAvant de poster ou de donner un mauvais avis, veuillez consulter la marque.<\/li>\n<li><strong>PRODUIT ORIGINAL :<\/strong>\u00a0Pressuriseur \u00e0 bille TuboPlus original. M\u00e9fiez-vous des copies de ce type de produits.<br \/>\nFabriqu\u00e9 en 100% \u00e0 Saragosse (Espagne).<\/li>\n<li><strong>R\u00c9CUP\u00c8RE ET MAINTIENT LA PRESSION D'ORIGINE :<\/strong>\u00a0Les balles de tennis et de padel sont vendues dans des bo\u00eetes pressuris\u00e9es. TuboX4 Crystal conserve et r\u00e9cup\u00e8re sa pression d'origine entre les matchs.<\/li>\n<li><strong>RENTABLE ET FACILE \u00c0 UTILISER :<\/strong>\u00a0TuboX4 Crystal est un petit pressuriseur \u00e9conomique, l\u00e9ger et facile \u00e0 utiliser. Il permet de rentabiliser rapidement l'investissement.<\/li>\n<li><strong>FONCTIONNE AVEC UNE POMPE \u00c0 AIR :<\/strong>\u00a0TuboX4 Crystal fonctionne avec une pompe \u00e0 air pour restaurer la pression interne des balles de tennis et de padel comme si elles sortaient du magasin. Ce mod\u00e8le ne comprend pas de pompe \u00e0 air.<\/li>\n<li><strong>LE PLUS POLYVALENT :<\/strong>\u00a0TuboX4 Crystal est capable de restaurer la pression d'origine des balles de tennis ou de padel \u00e0 trois ou quatre balles.<br \/>\n<strong>FONCTIONNEMENT SIMPLE :<\/strong>\u00a0Ins\u00e9rez jusqu'\u00e0 trois balles de tennis ou de padel dans le tube X4 Crystal \u00e0 la fin du match et vissez le couvercle, PAS \u00e0 fond, en cr\u00e9ant un joint torique pour emp\u00eacher l'air de s'\u00e9chapper de l'int\u00e9rieur. Pompez ensuite jusqu'\u00e0 ce que la pression atteigne 29 PSI.<\/li>\n<li><strong>JOINT D'\u00c9TANCH\u00c9IT\u00c9 AIRTIGHT :<\/strong>\u00a0TuboX4 Crystal est dot\u00e9 d'un joint filet\u00e9 \u00e9tanche \u00e0 l'air pour sceller l'air \u00e0 l'int\u00e9rieur du produit, puis la pression interne peut \u00eatre augment\u00e9e \u00e0 l'aide de la pompe \u00e0 air.<br \/>\n<strong>NE PERD PAS DE PRESSION :<\/strong>\u00a0TuboX4 Crystal ne perd pas de pression, mais il est important de v\u00e9rifier qu'il ne reste pas de salet\u00e9s, de sable ou de poils de billes sur le joint torique, car ils pourraient interrompre le bon fonctionnement.<br \/>\nEn cas de perte de pression, veuillez effectuer un simple nettoyage ou consulter la marque. La 99% des cas de perte de pression est due \u00e0 l'encrassement.<\/li>\n<li><strong>\u00c9CONOMISER DE L'ARGENT ET PR\u00c9SERVER L'ENVIRONNEMENT :<\/strong>\u00a0TuboX4 Crystal permet d'\u00e9conomiser de l'argent et de prolonger la dur\u00e9e de vie des ballons, tout en r\u00e9duisant les \u00e9missions de CO2 et les d\u00e9chets polluants.<\/li>\n<\/ul>","protected":false},"excerpt":{"rendered":"<p><strong>TuboX4 Crystal maintient et r\u00e9cup\u00e8re la pression des balles de tennis et de padel.<\/strong>\u00a0pour qu'elles restent parfaites entre les matchs. En utilisant la pompe \u00e0 air haut de gamme TuboPlus (vendue s\u00e9par\u00e9ment ou en pack avec TuboX4 Crystal), il est possible d'injecter de l'air dans le cylindre et d'augmenter la pression, ce qui permet de r\u00e9cup\u00e9rer compl\u00e8tement les balles.<br \/>\nFacile \u00e0 utiliser et durable.<br \/>\n<strong>Il peut contenir jusqu'\u00e0 quatre balles, mais peut \u00e9galement fonctionner avec moins de balles.<\/strong><\/p>","protected":false},"featured_media":11933,"comment_status":"open","ping_status":"closed","template":"","meta":{"_acf_changed":false,"content-type":"","_joinchat":[]},"product_brand":[],"product_cat":[51,49],"product_tag":[26],"class_list":{"0":"post-11427","1":"product","2":"type-product","3":"status-publish","4":"has-post-thumbnail","6":"product_cat-tubo-x4","7":"product_cat-tubo-plus","8":"product_tag-tubox4-crystal-sin-bomba","10":"first","11":"instock","12":"taxable","13":"shipping-taxable","14":"purchasable","15":"product-type-simple"},"acf":[],"_links":{"self":[{"href":"https:\/\/tubo.plus\/fr\/wp-json\/wp\/v2\/product\/11427","targetHints":{"allow":["GET"]}}],"collection":[{"href":"https:\/\/tubo.plus\/fr\/wp-json\/wp\/v2\/product"}],"about":[{"href":"https:\/\/tubo.plus\/fr\/wp-json\/wp\/v2\/types\/product"}],"replies":[{"embeddable":true,"href":"https:\/\/tubo.plus\/fr\/wp-json\/wp\/v2\/comments?post=11427"}],"version-history":[{"count":3,"href":"https:\/\/tubo.plus\/fr\/wp-json\/wp\/v2\/product\/11427\/revisions"}],"predecessor-version":[{"id":11538,"href":"https:\/\/tubo.plus\/fr\/wp-json\/wp\/v2\/product\/11427\/revisions\/11538"}],"wp:featuredmedia":[{"embeddable":true,"href":"https:\/\/tubo.plus\/fr\/wp-json\/wp\/v2\/media\/11933"}],"wp:attachment":[{"href":"https:\/\/tubo.plus\/fr\/wp-json\/wp\/v2\/media?parent=11427"}],"wp:term":[{"taxonomy":"product_brand","embeddable":true,"href":"https:\/\/tubo.plus\/fr\/wp-json\/wp\/v2\/product_brand?post=11427"},{"taxonomy":"product_cat","embeddable":true,"href":"https:\/\/tubo.plus\/fr\/wp-json\/wp\/v2\/product_cat?post=11427"},{"taxonomy":"product_tag","embeddable":true,"href":"https:\/\/tubo.plus\/fr\/wp-json\/wp\/v2\/product_tag?post=11427"}],"curies":[{"name":"wp","href":"https:\/\/api.w.org\/{rel}","templated":true}]}}