{"id":1366,"date":"2024-02-14T21:09:41","date_gmt":"2024-02-14T21:09:41","guid":{"rendered":"https:\/\/tubo.plus\/?post_type=product&#038;p=1366"},"modified":"2025-12-12T11:04:45","modified_gmt":"2025-12-12T10:04:45","slug":"tubox3-couleur","status":"publish","type":"product","link":"https:\/\/tubo.plus\/fr\/produit-4\/tubox3-couleur\/","title":{"rendered":"TuboX3 Couleur"},"content":{"rendered":"<ul>\n<li><strong>L'ASSISTANCE TECHNIQUE :<\/strong>\u00a0TuboX3 Color dispose de l'assistance technique de TuboPlus pour r\u00e9pondre \u00e0 toutes les questions de fonctionnement. Avant de poster ou de donner un mauvais avis, veuillez consulter la marque.<\/li>\n<li><strong>PRODUIT ORIGINAL :<\/strong>\u00a0Pressuriseur de balles TuboPlus original. Attention aux copies de ce produit. Fabriqu\u00e9 en 100% \u00e0 Saragosse (Espagne).<strong>\u00a0<\/strong><\/li>\n<li><strong>MAINTIENT LA PRESSION D'ORIGINE :<\/strong>\u00a0Les balles de tennis et de padel sont vendues dans des bo\u00eetes pressuris\u00e9es. TuboX3 Color conserve sa pression d'origine entre les matchs.<\/li>\n<li><strong>\u00c9CONOMIQUE ET FACILE \u00c0 UTILISER :<\/strong>\u00a0TuboX3 Color est le pressuriseur le plus \u00e9conomique, le plus petit, le plus l\u00e9ger et le plus facile \u00e0 utiliser du march\u00e9.<\/li>\n<li><strong>AUCUNE POMPE \u00c0 AIR N'EST N\u00c9CESSAIRE :<\/strong>\u00a0TuboX3 Color ne n\u00e9cessite pas de pompe \u00e0 air pour fonctionner, ce qui le rend plus confortable \u00e0 utiliser et plus l\u00e9ger \u00e0 transporter.<\/li>\n<li><strong>CAPACIT\u00c9 POUR TROIS BALLES :\u00a0<\/strong>TuboX3 Color peut contenir la pression originale de trois balles de tennis ou de padel.<\/li>\n<li><strong>FONCTIONNEMENT SIMPLE :<\/strong>\u00a0Ins\u00e9rez trois balles de tennis ou de padel \u00e0 l'int\u00e9rieur du TuboX3 Color \u00e0 la fin du match et vissez le couvercle pour cr\u00e9er une \u00e9tanch\u00e9it\u00e9 avec le joint torique et emp\u00eacher l'air de s'\u00e9chapper de l'int\u00e9rieur.<\/li>\n<li><strong>NON TOXIQUE :\u00a0<\/strong>Mat\u00e9riaux fabriqu\u00e9s en Europe sans charges toxiques. Il est dot\u00e9 d'un joint torique sans phtalate.<\/li>\n<li><strong>JOINT D'\u00c9TANCH\u00c9IT\u00c9 AIRTIGHT :<\/strong>\u00a0TuboX3 Color poss\u00e8de un joint filet\u00e9 \u00e9tanche \u00e0 l'air qui comprime l'air \u00e0 l'int\u00e9rieur du produit et augmente la pression interne jusqu'\u00e0 14 PSI.<\/li>\n<li><strong>NE PERD PAS DE PRESSION :<\/strong>\u00a0TuboX3 Color ne perd pas de pression, mais il est important de v\u00e9rifier qu'il ne reste pas de salet\u00e9s, de sable ou de poils de billes sur le joint torique, car ils pourraient interrompre le bon fonctionnement.<\/li>\n<\/ul>\n<blockquote><p>En cas de perte de pression, veuillez effectuer un simple nettoyage ou consulter la marque. La 99% des cas de perte de pression est due \u00e0 l'encrassement.<strong>\u00a0<\/strong><\/p><\/blockquote>\n<ul>\n<li><strong>\u00c9CONOMISER DE L'ARGENT ET PR\u00c9SERVER L'ENVIRONNEMENT :<\/strong>\u00a0TuboX3 permet d'\u00e9conomiser de l'argent et de prolonger la dur\u00e9e de vie des balles, tout en r\u00e9duisant les \u00e9missions de CO2 et les d\u00e9chets polluants.<\/li>\n<\/ul>","protected":false},"excerpt":{"rendered":"<blockquote><p><b>PAS DE POMPE (<strong>AUCUNE POMPE \u00c0 AIR N'EST N\u00c9CESSAIRE<\/strong>)<\/b><\/p><\/blockquote>\n<p><strong>TuboX3 Colour maintient la pression des balles de tennis et de padel.\u00a0<\/strong>une fois utilis\u00e9 entre les matches. C'est le pressuriseur le plus \u00e9conomique, le plus petit, le plus l\u00e9ger et le plus facile \u00e0 utiliser du march\u00e9. Il fonctionne sans pompe, en fermant le produit, nous cr\u00e9ons l'\u00e9tanch\u00e9it\u00e9 sans laisser l'air sortir du produit gr\u00e2ce \u00e0 un joint torique. En vissant le produit, nous comprimons l'air \u00e0 l'int\u00e9rieur du tube en augmentant la pression interne jusqu'\u00e0 14 PSI, de cette fa\u00e7on les billes ne peuvent pas \u00e9liminer l'air \u00e0 l'int\u00e9rieur, les gardant en parfait \u00e9tat jusqu'\u00e0 la prochaine fois qu'elles sont utilis\u00e9es.<\/p>","protected":false},"featured_media":15024,"comment_status":"open","ping_status":"closed","template":"","meta":{"_acf_changed":false,"content-type":"","_joinchat":[]},"product_brand":[],"product_cat":[49,50],"product_tag":[24],"class_list":{"0":"post-1366","1":"product","2":"type-product","3":"status-publish","4":"has-post-thumbnail","6":"product_cat-tubo-plus","7":"product_cat-tubo-x3","8":"product_tag-tubox3-color","10":"first","11":"instock","12":"taxable","13":"shipping-taxable","14":"purchasable","15":"product-type-variable","16":"rtwpvg-product"},"acf":[],"_links":{"self":[{"href":"https:\/\/tubo.plus\/fr\/wp-json\/wp\/v2\/product\/1366","targetHints":{"allow":["GET"]}}],"collection":[{"href":"https:\/\/tubo.plus\/fr\/wp-json\/wp\/v2\/product"}],"about":[{"href":"https:\/\/tubo.plus\/fr\/wp-json\/wp\/v2\/types\/product"}],"replies":[{"embeddable":true,"href":"https:\/\/tubo.plus\/fr\/wp-json\/wp\/v2\/comments?post=1366"}],"version-history":[{"count":4,"href":"https:\/\/tubo.plus\/fr\/wp-json\/wp\/v2\/product\/1366\/revisions"}],"predecessor-version":[{"id":14182,"href":"https:\/\/tubo.plus\/fr\/wp-json\/wp\/v2\/product\/1366\/revisions\/14182"}],"wp:featuredmedia":[{"embeddable":true,"href":"https:\/\/tubo.plus\/fr\/wp-json\/wp\/v2\/media\/15024"}],"wp:attachment":[{"href":"https:\/\/tubo.plus\/fr\/wp-json\/wp\/v2\/media?parent=1366"}],"wp:term":[{"taxonomy":"product_brand","embeddable":true,"href":"https:\/\/tubo.plus\/fr\/wp-json\/wp\/v2\/product_brand?post=1366"},{"taxonomy":"product_cat","embeddable":true,"href":"https:\/\/tubo.plus\/fr\/wp-json\/wp\/v2\/product_cat?post=1366"},{"taxonomy":"product_tag","embeddable":true,"href":"https:\/\/tubo.plus\/fr\/wp-json\/wp\/v2\/product_tag?post=1366"}],"curies":[{"name":"wp","href":"https:\/\/api.w.org\/{rel}","templated":true}]}}