{"id":1430,"date":"2024-02-14T22:59:04","date_gmt":"2024-02-14T22:59:04","guid":{"rendered":"https:\/\/tubo.plus\/?post_type=product&#038;p=1430"},"modified":"2025-04-07T17:13:35","modified_gmt":"2025-04-07T17:13:35","slug":"cuboplus-x100e","status":"publish","type":"product","link":"https:\/\/tubo.plus\/fr\/produit-4\/cuboplus-x100e\/","title":{"rendered":"X100 Cube"},"content":{"rendered":"<ul>\n<li><strong>L'ASSISTANCE TECHNIQUE :<\/strong> Le Cube X100 b\u00e9n\u00e9ficie de l'assistance technique de TuboPlus pour r\u00e9pondre \u00e0 toutes les questions op\u00e9rationnelles. Avant de poster un mauvais avis, veuillez consulter la marque.<\/li>\n<li><strong>PRODUIT ORIGINAL :<\/strong>\u00a0Pressuriseur \u00e0 bille TuboPlus original. Attention aux copies de ce type de produits. Fabriqu\u00e9 en 100% \u00e0 Saragosse (Espagne).<\/li>\n<li><strong>MAINTIENT ET R\u00c9TABLIT LA PRESSION D'ORIGINE :<\/strong> Les balles de tennis et de padel sont vendues dans des bo\u00eetes pressuris\u00e9es. CuboPlus X100e conserve et retrouve sa pression d'origine entre les matchs.<\/li>\n<li><strong>R\u00c9CUP\u00c8RE JUSQU'\u00c0 100 BALLES :<\/strong> Le Cube X100 est un pressuriseur de grande capacit\u00e9 qui vous permet de maintenir et de r\u00e9cup\u00e9rer la pression de 100 balles de tennis et de padel. Elles auront toujours l'air de sortir du magasin.<\/li>\n<li><strong>FONCTIONNE AVEC UNE POMPE \u00c0 AIR :<\/strong> Le Cube X100 a besoin d'une pompe \u00e0 pied ou d'un compresseur d'air pour remplir et r\u00e9cup\u00e9rer la pression interne des balles de tennis et de padel. Ce mod\u00e8le ne comprend pas de pompe \u00e0 air.<\/li>\n<li><strong>ID\u00c9AL POUR LES CLUBS ET LES ENTRA\u00ceNEURS<\/strong><\/li>\n<li><strong>FONCTIONNEMENT SIMPLE :<\/strong> Placez jusqu'\u00e0 100 balles de tennis ou de padel \u00e0 l'int\u00e9rieur du CubePlus X100e \u00e0 la fin du match et fermez le couvercle avec les loquets de s\u00e9curit\u00e9 pour cr\u00e9er un joint torique et emp\u00eacher l'air de s'\u00e9chapper de l'int\u00e9rieur. Pompez ensuite jusqu'\u00e0 20 PSI.<\/li>\n<li><strong>NE PERD PAS DE PRESSION :<\/strong> Le Cube X100 ne perd pas de pression, mais v\u00e9rifiez qu'il ne reste pas de particules de salet\u00e9, de sable ou de poils des billes sur le joint torique, car elles pourraient en interrompre le bon fonctionnement.<\/li>\n<li><strong>\u00c9CONOMISER DE L'ARGENT ET PR\u00c9SERVER L'ENVIRONNEMENT :<\/strong> Le Cube X100 permet d'\u00e9conomiser de l'argent et de prolonger la dur\u00e9e de vie des balles, tout en r\u00e9duisant les \u00e9missions de CO2 et les d\u00e9chets polluants.<\/li>\n<li><strong>TEST\u00c9 ET CERTIFI\u00c9 :<\/strong> Le Cube X100 est un produit test\u00e9 et certifi\u00e9 par l'Institut technologique des plastiques AIMPLAS.<\/li>\n<\/ul>","protected":false},"excerpt":{"rendered":"<p><b>Le Cube X100 est un pressuriseur de grande capacit\u00e9, unique sur le march\u00e9.<\/b> Il peut contenir jusqu'\u00e0 103 balles et permet d'injecter jusqu'\u00e0 20 PSI \u00e0 l'aide d'une pompe \u00e0 air ou d'un compresseur pour r\u00e9cup\u00e9rer la pression des balles. Cela se traduit par des \u00e9conomies significatives et une r\u00e9duction des d\u00e9chets. Facile \u00e0 utiliser et r\u00e9sistant, il est id\u00e9al pour les \u00e9coles, les clubs et les professeurs de padel ou de tennis.<\/p>\n<p>Nous privil\u00e9gions la durabilit\u00e9, l'efficacit\u00e9 et l'efficience du produit plut\u00f4t que son design. C'est pourquoi les mat\u00e9riaux qui le composent donnent une image usag\u00e9e du produit. Cependant, ces mat\u00e9riaux, le polyamide avec des fibres structurelles renforc\u00e9es, apportent plus de duret\u00e9 et de r\u00e9sistance au produit.<\/p>","protected":false},"featured_media":12081,"comment_status":"open","ping_status":"closed","template":"","meta":{"_acf_changed":false,"content-type":"","_joinchat":[]},"product_brand":[],"product_cat":[49,52],"product_tag":[27],"class_list":{"0":"post-1430","1":"product","2":"type-product","3":"status-publish","4":"has-post-thumbnail","6":"product_cat-tubo-plus","7":"product_cat-cuboplus-x100-4","8":"product_tag-cuboplus-x100","10":"first","11":"instock","12":"taxable","13":"shipping-taxable","14":"purchasable","15":"product-type-simple"},"acf":[],"_links":{"self":[{"href":"https:\/\/tubo.plus\/fr\/wp-json\/wp\/v2\/product\/1430","targetHints":{"allow":["GET"]}}],"collection":[{"href":"https:\/\/tubo.plus\/fr\/wp-json\/wp\/v2\/product"}],"about":[{"href":"https:\/\/tubo.plus\/fr\/wp-json\/wp\/v2\/types\/product"}],"replies":[{"embeddable":true,"href":"https:\/\/tubo.plus\/fr\/wp-json\/wp\/v2\/comments?post=1430"}],"version-history":[{"count":5,"href":"https:\/\/tubo.plus\/fr\/wp-json\/wp\/v2\/product\/1430\/revisions"}],"predecessor-version":[{"id":13078,"href":"https:\/\/tubo.plus\/fr\/wp-json\/wp\/v2\/product\/1430\/revisions\/13078"}],"wp:featuredmedia":[{"embeddable":true,"href":"https:\/\/tubo.plus\/fr\/wp-json\/wp\/v2\/media\/12081"}],"wp:attachment":[{"href":"https:\/\/tubo.plus\/fr\/wp-json\/wp\/v2\/media?parent=1430"}],"wp:term":[{"taxonomy":"product_brand","embeddable":true,"href":"https:\/\/tubo.plus\/fr\/wp-json\/wp\/v2\/product_brand?post=1430"},{"taxonomy":"product_cat","embeddable":true,"href":"https:\/\/tubo.plus\/fr\/wp-json\/wp\/v2\/product_cat?post=1430"},{"taxonomy":"product_tag","embeddable":true,"href":"https:\/\/tubo.plus\/fr\/wp-json\/wp\/v2\/product_tag?post=1430"}],"curies":[{"name":"wp","href":"https:\/\/api.w.org\/{rel}","templated":true}]}}