{"id":1463,"date":"2024-02-14T23:14:22","date_gmt":"2024-02-14T23:14:22","guid":{"rendered":"https:\/\/tubo.plus\/?post_type=product&#038;p=1463"},"modified":"2025-11-08T22:00:28","modified_gmt":"2025-11-08T21:00:28","slug":"joint-torique-tubox3-et-cristal-tubox3","status":"publish","type":"product","link":"https:\/\/tubo.plus\/fr\/produit-4\/joint-torique-tubox3-et-cristal-tubox3\/","title":{"rendered":"Joint torique X3 Colour et X3 Crystal"},"content":{"rendered":"<ul>\n<li><strong>NON TOXIQUE :<\/strong>\u00a0Joint torique non toxique, sans phtalate.<br \/>\nAvec certificat.<\/li>\n<li><strong>L'ENTRETIEN DES TUBOPLUS :<\/strong>\u00a0Remplacement du joint torique pour l'entretien annuel des pressuriseurs TuboX3 et TuboX3 Crystal.<\/li>\n<\/ul>\n<p>Pour l'entretien pr\u00e9ventif, il est conseill\u00e9 d'enduire les joints d'une petite couche de graisse de silicone afin de les rendre plus r\u00e9sistants au vieillissement.<\/p>\n<p>Il est recommand\u00e9 de remplacer le joint torique d'un pressuriseur TuboPlus une fois par an afin de garantir une pressurisation correcte des ballons et d'\u00e9viter les micro-fuites d'air.<\/p>","protected":false},"excerpt":{"rendered":"<div class=\"et_pb_module et_pb_wc_description et_pb_wc_description_0_tb_body et_pb_bg_layout_light et_pb_text_align_left\">\n<div class=\"et_pb_module_inner\">\n<div class=\"et_pb_module et_pb_wc_description et_pb_wc_description_0_tb_body et_pb_bg_layout_light et_pb_text_align_left\">\n<div class=\"et_pb_module_inner\">\n<div class=\"et_pb_module et_pb_wc_description et_pb_wc_description_0_tb_body et_pb_bg_layout_light et_pb_text_align_left\">\n<div class=\"et_pb_module_inner\">\n<p><strong>Joint torique en caoutchouc TuboPlus compatible avec les pressuriseurs TuboX3 et TuboX3 Crystal.<\/strong><br \/>\nNON compatible avec TuboX4 Crystal.<br \/>\nLe joint torique est un \u00e9l\u00e9ment essentiel des pressuriseurs car il scelle l'air \u00e0 l'int\u00e9rieur des produits pour maintenir et r\u00e9tablir la pression.<br \/>\n<strong>Prenez-en soin et changez-la r\u00e9guli\u00e8rement.<\/strong><\/p>\n<blockquote><p><strong>NON compatible avec TuboX4 Crystal.<\/strong><\/p><\/blockquote>\n<p>Le joint torique est un \u00e9l\u00e9ment essentiel des pressuriseurs car il scelle l'air \u00e0 l'int\u00e9rieur des produits pour maintenir et r\u00e9tablir la pression.<br \/>\nPrenez-en soin et changez-la r\u00e9guli\u00e8rement.<\/p>\n<p><strong>Marque :<\/strong>\u00a0TuboPlus&nbsp;<br \/>\n<strong>Mat\u00e9riau :<\/strong>\u00a0Caoutchouc<br \/>\n<strong>Couleur :<\/strong>\u00a0Noir<br \/>\n<strong>Poids du produit :<\/strong>\u00a04,89 grammes.<br \/>\n2,65 grammes sans emballage ni carton.<\/p>\n<\/div>\n<\/div>\n<\/div>\n<\/div>\n<\/div>\n<\/div>","protected":false},"featured_media":11927,"comment_status":"open","ping_status":"closed","template":"","meta":{"_acf_changed":false,"content-type":"","_joinchat":[]},"product_brand":[],"product_cat":[57,53],"product_tag":[45],"class_list":{"0":"post-1463","1":"product","2":"type-product","3":"status-publish","4":"has-post-thumbnail","6":"product_cat-juntas-toricas","7":"product_cat-accesorios","8":"product_tag-junta-torica-tubox3-y-tubox3-crystal","10":"first","11":"instock","12":"taxable","13":"shipping-taxable","14":"purchasable","15":"product-type-simple"},"acf":[],"_links":{"self":[{"href":"https:\/\/tubo.plus\/fr\/wp-json\/wp\/v2\/product\/1463","targetHints":{"allow":["GET"]}}],"collection":[{"href":"https:\/\/tubo.plus\/fr\/wp-json\/wp\/v2\/product"}],"about":[{"href":"https:\/\/tubo.plus\/fr\/wp-json\/wp\/v2\/types\/product"}],"replies":[{"embeddable":true,"href":"https:\/\/tubo.plus\/fr\/wp-json\/wp\/v2\/comments?post=1463"}],"version-history":[{"count":2,"href":"https:\/\/tubo.plus\/fr\/wp-json\/wp\/v2\/product\/1463\/revisions"}],"predecessor-version":[{"id":12772,"href":"https:\/\/tubo.plus\/fr\/wp-json\/wp\/v2\/product\/1463\/revisions\/12772"}],"wp:featuredmedia":[{"embeddable":true,"href":"https:\/\/tubo.plus\/fr\/wp-json\/wp\/v2\/media\/11927"}],"wp:attachment":[{"href":"https:\/\/tubo.plus\/fr\/wp-json\/wp\/v2\/media?parent=1463"}],"wp:term":[{"taxonomy":"product_brand","embeddable":true,"href":"https:\/\/tubo.plus\/fr\/wp-json\/wp\/v2\/product_brand?post=1463"},{"taxonomy":"product_cat","embeddable":true,"href":"https:\/\/tubo.plus\/fr\/wp-json\/wp\/v2\/product_cat?post=1463"},{"taxonomy":"product_tag","embeddable":true,"href":"https:\/\/tubo.plus\/fr\/wp-json\/wp\/v2\/product_tag?post=1463"}],"curies":[{"name":"wp","href":"https:\/\/api.w.org\/{rel}","templated":true}]}}