{"id":634,"date":"2024-01-07T00:33:44","date_gmt":"2024-01-07T00:33:44","guid":{"rendered":"https:\/\/tubo.plus\/?post_type=product&#038;p=634"},"modified":"2025-06-02T09:51:11","modified_gmt":"2025-06-02T09:51:11","slug":"29psi-x3e","status":"publish","type":"product","link":"https:\/\/tubo.plus\/fr\/produit-4\/29psi-x3e\/","title":{"rendered":"29PSI X3e"},"content":{"rendered":"<p>29PSI X3e est un mod\u00e8le am\u00e9lior\u00e9 qui permet de pressuriser les balles de tennis et de padel de mani\u00e8re simple et efficace. Pour l'utiliser, il suffit d'introduire jusqu'\u00e0 trois balles de tennis ou de padel \u00e0 l'int\u00e9rieur et de visser le couvercle jusqu'\u00e0 ce que la limite soit atteinte. N'oubliez pas de placer le joint torique pour isoler l'air \u00e0 l'int\u00e9rieur du produit.<\/p>\n<p>Pour ajouter de la pression \u00e0 l'int\u00e9rieur, ins\u00e9rez l'embout de la pompe \u00e0 air dans la valve du 29PSI X3e et ajoutez de l'air jusqu'\u00e0 atteindre une pression de 29PSI. Une fois que nous avons termin\u00e9, nous retirons la pompe \u00e0 air et remettons le bouchon en place. Nos balles sont maintenant r\u00e9cup\u00e9r\u00e9es.<\/p>\n<p>Notre produit X3e 29PSI fonctionne par pression, g\u00e9n\u00e9r\u00e9e par l'ajout d'air comprim\u00e9 dans l'espace laiss\u00e9 libre par les billes \u00e0 l'int\u00e9rieur. Ainsi, les billes ne peuvent pas \u00e9liminer l'air qu'elles contiennent et, gr\u00e2ce au processus de diffusion, elles retrouvent leur pression d'origine pour une utilisation ult\u00e9rieure.<\/p>\n<p>Attention ! N'oubliez pas d'\u00e9vacuer l'air par la valve \u00e0 l'aide du bouchon avant de d\u00e9visser le capuchon du 29PSI X3e.<\/p>","protected":false},"excerpt":{"rendered":"<p>Retrouvez le niveau et la pression des balles de tennis et de padel gr\u00e2ce au nouveau pressuriseur 29PSI X3e au moyen d'une pompe \u00e0 air. Il peut contenir jusqu'\u00e0 trois balles. Ecologique, \u00e9conomique et efficace, le nouveau pressuriseur par excellence.<\/p>","protected":false},"featured_media":11922,"comment_status":"open","ping_status":"closed","template":"","meta":{"_acf_changed":false,"content-type":"","_joinchat":[]},"product_brand":[],"product_cat":[34,47],"product_tag":[32],"class_list":{"0":"post-634","1":"product","2":"type-product","3":"status-publish","4":"has-post-thumbnail","6":"product_cat-x3e","7":"product_cat-29psi","8":"product_tag-29psi-x3e","10":"first","11":"instock","12":"taxable","13":"shipping-taxable","14":"purchasable","15":"product-type-simple"},"acf":[],"_links":{"self":[{"href":"https:\/\/tubo.plus\/fr\/wp-json\/wp\/v2\/product\/634","targetHints":{"allow":["GET"]}}],"collection":[{"href":"https:\/\/tubo.plus\/fr\/wp-json\/wp\/v2\/product"}],"about":[{"href":"https:\/\/tubo.plus\/fr\/wp-json\/wp\/v2\/types\/product"}],"replies":[{"embeddable":true,"href":"https:\/\/tubo.plus\/fr\/wp-json\/wp\/v2\/comments?post=634"}],"version-history":[{"count":5,"href":"https:\/\/tubo.plus\/fr\/wp-json\/wp\/v2\/product\/634\/revisions"}],"predecessor-version":[{"id":12041,"href":"https:\/\/tubo.plus\/fr\/wp-json\/wp\/v2\/product\/634\/revisions\/12041"}],"wp:featuredmedia":[{"embeddable":true,"href":"https:\/\/tubo.plus\/fr\/wp-json\/wp\/v2\/media\/11922"}],"wp:attachment":[{"href":"https:\/\/tubo.plus\/fr\/wp-json\/wp\/v2\/media?parent=634"}],"wp:term":[{"taxonomy":"product_brand","embeddable":true,"href":"https:\/\/tubo.plus\/fr\/wp-json\/wp\/v2\/product_brand?post=634"},{"taxonomy":"product_cat","embeddable":true,"href":"https:\/\/tubo.plus\/fr\/wp-json\/wp\/v2\/product_cat?post=634"},{"taxonomy":"product_tag","embeddable":true,"href":"https:\/\/tubo.plus\/fr\/wp-json\/wp\/v2\/product_tag?post=634"}],"curies":[{"name":"wp","href":"https:\/\/api.w.org\/{rel}","templated":true}]}}