{"id":10136,"date":"2024-03-13T09:13:20","date_gmt":"2024-03-13T09:13:20","guid":{"rendered":"https:\/\/tubo.plus\/?page_id=10136"},"modified":"2025-11-09T18:29:11","modified_gmt":"2025-11-09T17:29:11","slug":"politica-di-restituzione","status":"publish","type":"page","link":"https:\/\/tubo.plus\/it\/politica-di-restituzione\/","title":{"rendered":"Politica di restituzione"},"content":{"rendered":"<p>Oltre al diritto legale di recesso, FORMULATWOIT SL offre un periodo di restituzione prolungato. Se non siete soddisfatti del vostro acquisto, potete restituire il prodotto fino a 30 giorni dalla data di ricevimento.<br>Condizioni del prodotto: affinch\u00e9 il reso sia accettato, il prodotto deve essere nelle stesse condizioni in cui \u00e8 stato ricevuto. Ci\u00f2 significa che i prodotti nuovi devono essere restituiti nelle loro condizioni originali, non utilizzati, completi e nella loro confezione originale. I prodotti usati o di seconda mano non devono presentare segni di ulteriori danni.<br>Rimborsi: se il prodotto viene restituito entro il periodo di restituzione esteso, rimborseremo l'intero prezzo del prodotto. Tuttavia, le spese di spedizione per la restituzione non possono essere rimborsate, a meno che il prodotto non sia difettoso o non sia conforme alla descrizione fornita.<br>Procedura di restituzione: per avviare una restituzione, contattare il nostro servizio clienti. Vi forniremo tutte le istruzioni necessarie per effettuare il reso.<\/p>","protected":false},"excerpt":{"rendered":"<p>Adem\u00e1s del derecho de desistimiento legal, en FORMULATWOIT SL ofrecemos un per\u00edodo de devoluci\u00f3n extendido. Si no est\u00e1 satisfecho con su compra, puede devolver el producto hasta 30 d\u00edas despu\u00e9s de la fecha de recepci\u00f3n.Condici\u00f3n del Producto: Para que la devoluci\u00f3n sea aceptada, el producto debe estar en el mismo estado en que lo recibi\u00f3. [&hellip;]<\/p>\n","protected":false},"author":1,"featured_media":0,"parent":0,"menu_order":0,"comment_status":"closed","ping_status":"closed","template":"","meta":{"_acf_changed":false,"content-type":"","_joinchat":[],"footnotes":""},"class_list":["post-10136","page","type-page","status-publish","hentry"],"acf":[],"_links":{"self":[{"href":"https:\/\/tubo.plus\/it\/wp-json\/wp\/v2\/pages\/10136","targetHints":{"allow":["GET"]}}],"collection":[{"href":"https:\/\/tubo.plus\/it\/wp-json\/wp\/v2\/pages"}],"about":[{"href":"https:\/\/tubo.plus\/it\/wp-json\/wp\/v2\/types\/page"}],"author":[{"embeddable":true,"href":"https:\/\/tubo.plus\/it\/wp-json\/wp\/v2\/users\/1"}],"replies":[{"embeddable":true,"href":"https:\/\/tubo.plus\/it\/wp-json\/wp\/v2\/comments?post=10136"}],"version-history":[{"count":1,"href":"https:\/\/tubo.plus\/it\/wp-json\/wp\/v2\/pages\/10136\/revisions"}],"predecessor-version":[{"id":15005,"href":"https:\/\/tubo.plus\/it\/wp-json\/wp\/v2\/pages\/10136\/revisions\/15005"}],"wp:attachment":[{"href":"https:\/\/tubo.plus\/it\/wp-json\/wp\/v2\/media?parent=10136"}],"curies":[{"name":"wp","href":"https:\/\/api.w.org\/{rel}","templated":true}]}}