{"id":10140,"date":"2024-03-13T09:19:40","date_gmt":"2024-03-13T09:19:40","guid":{"rendered":"https:\/\/tubo.plus\/?page_id=10140"},"modified":"2024-03-13T09:19:49","modified_gmt":"2024-03-13T09:19:49","slug":"informativa-sulla-privacy","status":"publish","type":"page","link":"https:\/\/tubo.plus\/it\/informativa-sulla-privacy\/","title":{"rendered":"INFORMATIVA SULLA PRIVACY"},"content":{"rendered":"<p>GENERALE<\/p>\n\n\n\n<p>Ai fini di quanto previsto dal Regolamento europeo sulla protezione dei dati personali UE 2016\/679, del 27 aprile, del Parlamento e del Consiglio, dalla Legge organica 3\/2018, del 5 dicembre, sulla protezione dei dati personali e sulla garanzia dei diritti digitali e dalle altre normative nazionali vigenti, FORMULATWOIT, informa che rispetta pienamente la normativa vigente in materia di protezione dei dati personali, nonch\u00e9 gli impegni di riservatezza inerenti alla propria attivit\u00e0.<\/p>\n\n\n\n<p>FORMULATWOIT informa l'utente dell'esistenza di un sistema di elaborazione delle informazioni di propriet\u00e0 di FORMULATWOIT a fini di gestione, comunicazione e informazione. Il suddetto sistema \u00e8 descritto nel relativo Registro delle attivit\u00e0 di trattamento, al quale l'utente pu\u00f2 accedere per verificare lo stato dei propri dati.<\/p>\n\n\n\n<p>MISURE E LIVELLI DI SICUREZZA<\/p>\n\n\n\n<p>FORMULATWOIT ha adottato le misure necessarie per garantire la sicurezza delle informazioni, come richiesto dall'art. 32 del RGPD, in base alla natura dei dati personali trattati e alle circostanze del trattamento, al fine di evitarne, per quanto possibile e sempre secondo lo stato dell'arte, l'alterazione, la perdita, il trattamento o l'accesso non autorizzato, garantendo cos\u00ec la riservatezza, l'integrit\u00e0 e la disponibilit\u00e0 degli stessi.<\/p>\n\n\n\n<p>AMBITO DI APPLICAZIONE<\/p>\n\n\n\n<p>Le misure di sicurezza che FORMULATWOIT ha descritto nel Registro delle attivit\u00e0 di trattamento saranno applicate a tutti gli asset del sistema di elaborazione delle informazioni in cui vengono trattati i dati personali, al fine di rispettare la normativa vigente in materia di protezione dei dati.<\/p>\n\n\n\n<p>Tutto il personale assunto da FORMULATWOIT e dai suoi Responsabili del trattamento \u00e8 tenuto a rispettare la suddetta normativa, con particolare attenzione alle funzioni e agli obblighi, compreso il dovere di segretezza, che saranno debitamente stabiliti da FORMULATWOIT.<\/p>\n\n\n\n<p>RACCOLTA DATI<\/p>\n\n\n\n<p>L'accettazione delle presenti condizioni richiede la raccolta di alcuni dati essenziali per la fornitura dei servizi, che verranno richiesti personalmente tramite moduli o pagine Web. Al momento della raccolta dei dati, l'utente sar\u00e0 debitamente informato dei diritti che gli spettano.<\/p>\n\n\n\n<p>Per garantire che le informazioni contenute nel nostro sistema di elaborazione siano sempre aggiornate e prive di errori, chiediamo ai nostri clienti e utenti di informarci il prima possibile di eventuali modifiche e correzioni dei loro dati personali.<\/p>\n\n\n\n<p>OGGETTO: ESERCIZIO DEI DIRITTI<\/p>\n\n\n\n<p>Per esercitare i diritti di accesso, opposizione, rettifica, cancellazione o eliminazione, revoca del consenso, limitazione del trattamento dei dati e portabilit\u00e0, \u00e8 necessario contattare FORMULATWOIT, Avenida de los Pe\u00f1ascales N\u00ba14, Torrelodones, provincia di Madrid, C.P. 28250, Spagna. \u00c8 inoltre possibile presentare un reclamo all'AEPD. Tuttavia, possono essere utilizzati altri mezzi per riconoscere l'identit\u00e0 del cliente che esercita uno dei diritti sopra citati.<\/p>\n\n\n\n<p>CONSENSO<\/p>\n\n\n\n<p>L'utente acconsente a che FORMULATWOIT possa utilizzare i suoi dati personali per fornire i servizi oggetto del contratto.<\/p>\n\n\n\n<p>Compilando il modulo presente sul sito o inviando e-mail o altre comunicazioni a FORMULATWOIT, l'utente acconsente espressamente all'inserimento dei propri dati personali nel suddetto sistema di trattamento, di propriet\u00e0 di FORMULATWOIT.<\/p>\n\n\n\n<p>Al momento della richiesta di queste informazioni, il cliente o l'utente sar\u00e0 informato del destinatario delle informazioni, dello scopo per cui i dati vengono raccolti, dell'identit\u00e0 e dell'indirizzo di FORMULATWOIT e del diritto dell'utente di esercitare i diritti di accesso, opposizione, rettifica, cancellazione o eliminazione, revoca del consenso, limitazione del trattamento dei dati e portabilit\u00e0, nonch\u00e9 di presentare un reclamo all'AEPD (Agenzia spagnola per la protezione dei dati).<\/p>\n\n\n\n<p>TRASFERIMENTO A TERZI<\/p>\n\n\n\n<p>FORMULATWOIT non divulga i dati personali senza il consenso esplicito dei proprietari, che deve essere concesso di volta in volta, e li divulga solo per lo scopo dichiarato e sempre con il consenso dell'utente o del cliente.<\/p>\n\n\n\n<p>RISERVATEZZA E SEGRETO PROFESSIONALE<\/p>\n\n\n\n<p>I dati raccolti in tutte le comunicazioni private tra FORMULATWOIT e i clienti o gli utenti saranno trattati con assoluta riservatezza, e FORMULATWOIT si impegna all'obbligo di segretezza dei dati personali, al dovere di proteggerli e di adottare tutte le misure necessarie per impedirne l'alterazione, la perdita e il trattamento o l'accesso non autorizzato, in conformit\u00e0 con le disposizioni della legislazione vigente.<\/p>\n\n\n\n<p>Inoltre, saranno considerate riservate anche le informazioni di qualsiasi tipo che le parti si scambiano tra loro, quelle che concordano essere di tale natura o quelle che riguardano semplicemente il contenuto di tali informazioni. La visualizzazione di dati attraverso Internet non implica l'accesso diretto agli stessi, se non con il consenso esplicito del proprietario in ogni occasione.<\/p>\n\n\n\n<p>Si raccomanda al cliente di non fornire a FORMULATWOIT alcuna identificazione, password o numero di riferimento che FORMULATWOIT potrebbe fornire a terzi. Inoltre, per garantire la tutela del segreto professionale tra FORMULATWOIT e il cliente in tutte le comunicazioni, il cliente\/utente non deve divulgare informazioni riservate a terzi.<\/p>\n\n\n\n<p>MODIFICHE ALLA POLITICA DI SICUREZZA E PROTEZIONE DEI DATI<\/p>\n\n\n\n<p>FORMULATWOIT si riserva il diritto di modificare la propria politica di sicurezza e protezione dei dati al fine di adeguarla a nuovi sviluppi legislativi o giurisprudenziali, nonch\u00e9 a quelli che possono derivare da codici standard esistenti in materia, o a causa di decisioni strategiche aziendali, con effetto dalla data di pubblicazione di tale modifica sul sito web di FORMULATWOIT.<\/p>\n\n\n\n<p>INDIRIZZO DI CONTATTO<\/p>\n\n\n\n<p>Questo sito web \u00e8 gestito da FORMULATWOIT, con partita IVA ESB86840451.<\/p>\n\n\n\n<p>Il sistema di elaborazione delle informazioni creato si trova presso la sede legale, stabilita ai fini del presente Avviso Legale, in FORMULATWOIT, Avenida de los Pe\u00f1ascales N\u00ba14, Torrelodones, provincia di Madrid, C.P. 28250, Spagna, sotto la supervisione e il controllo di FORMULATWOIT, che si assume la responsabilit\u00e0 di adottare misure di sicurezza tecniche e organizzative per proteggere la riservatezza e l'integrit\u00e0 delle informazioni, in conformit\u00e0 con le disposizioni del presente Avviso Legale. 28250, Spagna, sotto la supervisione e il controllo di FORMULATWOIT, che si assume la responsabilit\u00e0 di adottare misure di sicurezza tecniche e organizzative per proteggere la riservatezza e l'integrit\u00e0 delle informazioni, in conformit\u00e0 con le disposizioni del Regolamento europeo sulla protezione dei dati UE 2016\/679, del 27 aprile, della Legge Organica 3\/2018, del 5 dicembre, sulla protezione dei dati personali e la garanzia dei diritti digitali, del resto della normativa nazionale in vigore e di altre leggi applicabili.<\/p>\n\n\n\n<p>FORMULATWOIT, in conformit\u00e0 con la legge 34\/2002, sui servizi della societ\u00e0 dell'informazione e del commercio elettronico, informa che l'ampia accezione di questa legge include tra questi servizi la fornitura di informazioni con questo mezzo. In ogni caso, si applicheranno il Regolamento Europeo sulla Protezione dei Dati UE 2016\/679, del 27 aprile, la Legge Organica 3\/2018, del 5 dicembre, sulla Protezione dei Dati Personali e la Garanzia dei Diritti Digitali, il resto della normativa nazionale in vigore e i suoi regolamenti di attuazione, in particolare, per quanto riguarda la raccolta dei dati personali, l'informazione agli interessati e la creazione e la manutenzione degli archivi di dati personali.<\/p>","protected":false},"excerpt":{"rendered":"<p>GENERAL A los efectos de lo previsto en el Reglamento Europeo de Protecci\u00f3n de Datos UE 2016\/679, de 27 de Abril, del Parlamento y el Consejo, en la Ley Org\u00e1nica 3\/2018, de 5 de Diciembre, de Protecci\u00f3n de Datos Personales y Garant\u00eda de los Derechos Digitales y resto de la normativa nacional vigente, FORMULATWOIT, le [&hellip;]<\/p>\n","protected":false},"author":1,"featured_media":0,"parent":0,"menu_order":0,"comment_status":"closed","ping_status":"closed","template":"","meta":{"_acf_changed":false,"content-type":"","_joinchat":[],"footnotes":""},"class_list":["post-10140","page","type-page","status-publish","hentry"],"acf":[],"_links":{"self":[{"href":"https:\/\/tubo.plus\/it\/wp-json\/wp\/v2\/pages\/10140","targetHints":{"allow":["GET"]}}],"collection":[{"href":"https:\/\/tubo.plus\/it\/wp-json\/wp\/v2\/pages"}],"about":[{"href":"https:\/\/tubo.plus\/it\/wp-json\/wp\/v2\/types\/page"}],"author":[{"embeddable":true,"href":"https:\/\/tubo.plus\/it\/wp-json\/wp\/v2\/users\/1"}],"replies":[{"embeddable":true,"href":"https:\/\/tubo.plus\/it\/wp-json\/wp\/v2\/comments?post=10140"}],"version-history":[{"count":0,"href":"https:\/\/tubo.plus\/it\/wp-json\/wp\/v2\/pages\/10140\/revisions"}],"wp:attachment":[{"href":"https:\/\/tubo.plus\/it\/wp-json\/wp\/v2\/media?parent=10140"}],"curies":[{"name":"wp","href":"https:\/\/api.w.org\/{rel}","templated":true}]}}