{"id":10142,"date":"2024-03-13T09:21:47","date_gmt":"2024-03-13T09:21:47","guid":{"rendered":"https:\/\/tubo.plus\/?page_id=10142"},"modified":"2025-11-09T16:03:03","modified_gmt":"2025-11-09T15:03:03","slug":"politica-sui-cookie","status":"publish","type":"page","link":"https:\/\/tubo.plus\/it\/politica-sui-cookie\/","title":{"rendered":"INFORMATIVA SUI COOKIE"},"content":{"rendered":"<p>FORMULATWOIT. informa gli utenti, tramite il presente avviso, che pu\u00f2 utilizzare i cookie quando l'utente naviga attraverso le diverse schermate e pagine del sito.<\/p>\n\n\n\n<p>Utilizzando il nostro sito web, l'utente accetta e acconsente espressamente all'uso dei cookie in conformit\u00e0 con la nostra Informativa sulla privacy.<\/p>\n\n\n\n<p>COSA SONO I BISCOTTI?<\/p>\n\n\n\n<p>Un cookie \u00e8 un file di testo molto piccolo che un server Web pu\u00f2 memorizzare sul disco rigido di un computer per memorizzare alcune informazioni sull'utente. Il cookie identifica in modo univoco il computer e pu\u00f2 essere letto solo dal sito Web che lo ha inviato al computer.<\/p>\n\n\n\n<p>Un cookie non \u00e8 un file eseguibile o un programma e pertanto non pu\u00f2 propagare o contenere un virus o altro software dannoso, n\u00e9 pu\u00f2 essere pi\u00f9 lungo di 4.000 caratteri.<\/p>\n\n\n\n<p>A COSA SERVONO I COOKIE?<\/p>\n\n\n\n<p>L'utilizzo dei cookie ha il solo scopo di ricordare le preferenze dell'utente (lingua, paese, login, caratteristiche del browser, informazioni sull'utilizzo del nostro sito web, ecc.)<\/p>\n\n\n\n<p>Memorizzando le vostre preferenze non dovremo, ad esempio, chiedervi il vostro paese ogni volta che visitate il nostro sito web. Conosceremo le caratteristiche del computer che state utilizzando in modo da potervi offrire una migliore esperienza di navigazione. I cookie possono aiutare il nostro sito Web a distinguere il browser di un utente come visitatore precedente e quindi a salvare e ricordare le preferenze eventualmente impostate durante la navigazione del sito, a personalizzare le home page, a identificare quali parti di un sito sono state visitate o a tenere traccia delle selezioni in un \"carrello della spesa\".<\/p>\n\n\n\n<p>FORMULATWOIT. pu\u00f2 utilizzare i cookie per riconoscere gli utenti registrati e offrire loro un servizio migliore e pi\u00f9 personalizzato. Possono essere utilizzati anche per ottenere informazioni sulla data e l'ora dell'ultima visita dell'utente, per misurare alcuni parametri di traffico all'interno del sito stesso e per stimare il numero di visite effettuate, in modo che FORMULATWOIT. possa focalizzare e adattare meglio servizi e promozioni.<\/p>\n\n\n\n<p>I siti web di solito utilizzano i cookie per ottenere informazioni statistiche sulle loro pagine web. Si prega di notare che i dati sui movimenti e sull'utilizzo del nostro sito web vengono raccolti come dati statistici e non come dati personali.<\/p>\n\n\n\n<p>TIPI DI COOKIE<\/p>\n\n\n\n<p>I cookie possono essere classificati in base all'entit\u00e0 che li gestisce, al tempo in cui rimangono attivi o in base al loro scopo. In alcune occasioni \u00e8 possibile che lo stesso cookie possa essere incluso in pi\u00f9 di una categoria.<\/p>\n\n\n\n<p>IN BASE ALLA LORO PROPRIET\u00c0<\/p>\n\n\n\n<ul class=\"wp-block-list\">\n<li><strong>Biscotti propri<\/strong>Quelle che vengono inviate all'apparecchiatura dell'utente da un computer o da un dominio gestito da<\/li>\n\n\n\n<li><strong>Cookie di terze parti:&nbsp;<\/strong>I cookie sono quelli che vengono inviati al terminale dell'utente da un computer o da un dominio non gestito dall'editore, ma da un'altra entit\u00e0 che elabora i dati ottenuti attraverso i cookie.<\/li>\n<\/ul>\n\n\n\n<p>IN BASE ALLA LORO DURATA DI VITA<\/p>\n\n\n\n<ul class=\"wp-block-list\">\n<li><strong>Cookie di sessione<\/strong>Sono quelli che raccolgono dati mentre l'utente sta navigando sul sito web.<\/li>\n\n\n\n<li><strong>Cookie persistenti<\/strong>Sono quelli in cui i dati rimangono memorizzati nel terminale e possono essere consultati ed elaborati per un periodo definito dal responsabile del cookie, che pu\u00f2 variare da pochi minuti a diversi anni.<\/li>\n<\/ul>\n\n\n\n<p>SECONDO IL LORO SCOPO<\/p>\n\n\n\n<ul class=\"wp-block-list\">\n<li><strong>Cookie tecnici<\/strong>Sono quelli utilizzati internamente e necessari per il funzionamento del sito web.<\/li>\n\n\n\n<li><strong>Cookie analitici<\/strong>Sono quelli che ci permettono di raccogliere informazioni statistiche sull'attivit\u00e0 degli utenti. Queste informazioni sono raccolte in forma anonima e ci permettono di ottimizzare la navigazione del nostro sito web per garantire un servizio migliore all'utente.<\/li>\n\n\n\n<li><strong>Cookie di personalizzazione<\/strong>Sono quelli che permettono all'utente di accedere al servizio con alcune caratteristiche generali predefinite in base a una serie di criteri presenti nel terminale dell'utente, come la lingua, il tipo di browser utilizzato per accedere al servizio, la configurazione regionale da cui si accede al servizio, ecc.<\/li>\n\n\n\n<li><strong>Cookie pubblicitari<\/strong>Sono quelli che permettono di gestire nel modo pi\u00f9 efficiente possibile gli spazi pubblicitari che, se del caso, l'editore ha inserito in un sito web, un'applicazione o una piattaforma da cui viene fornito il servizio richiesto, in base a criteri quali il contenuto modificato o la frequenza con cui vengono mostrati gli annunci.<\/li>\n\n\n\n<li><strong>Cookie pubblicitari comportamentali:&nbsp;<\/strong>Questi cookie consentono di gestire nel modo pi\u00f9 efficiente possibile gli spazi pubblicitari che, se del caso, l'editore ha inserito in un sito web, un'applicazione o una piattaforma da cui viene fornito il servizio richiesto. Questi cookie memorizzano informazioni sul comportamento degli utenti ottenute attraverso l'osservazione continua delle loro abitudini di navigazione, che consentono di sviluppare un profilo specifico per visualizzare pubblicit\u00e0 basata sullo stesso.<\/li>\n<\/ul>\n\n\n\n<p>Di seguito \u00e8 riportato un elenco dei cookie che potreste incontrare sul nostro sito web e una breve descrizione del loro scopo. Vi assicuriamo che nessuno di essi conserva informazioni di identificazione personale su di voi. Alcuni cookie personalizzano la vostra visita, altri ricordano le vostre preferenze, mentre altri ancora ci forniscono solo statistiche sui visitatori.<\/p>\n\n\n\n<figure class=\"wp-block-table\"><table><tbody><tr><td><strong><em>Biscotto<\/em><\/strong><\/td><td><strong><em>Descrizione<\/em><\/strong><\/td><td><strong><em>Durata<\/em><\/strong><\/td><td><strong><em>Fonte<\/em><\/strong><\/td><\/tr><tr><td><strong><em>__utma<\/em><\/strong><\/td><td><em>Identificazione dei visitatori unici: viene utilizzato per registrare i visitatori unici a fini statistici e analitici.<\/em><\/td><td><em>2 anni<\/em><\/td><td><em>Google&nbsp;<\/em><em>(Analitica)<\/em><\/td><\/tr><tr><td><strong><em>__utmb<\/em><\/strong><\/td><td><em>Determinazione della sessione del visitatore: Google Analytics utilizza due cookie per stabilire una sessione. Se uno di questi due cookie \u00e8 assente, un'altra attivit\u00e0 d\u00e0 inizio a una nuova sessione.<\/em><\/td><td><em>30 minuti<\/em><\/td><td><em>Google&nbsp;<\/em><em>(Analitica)<\/em><\/td><\/tr><tr><td><strong><em>__utmc<\/em><\/strong><\/td><td><em>Determinazione della sessione del visitatore: Google Analytics utilizza due cookie per stabilire una sessione. Se uno di questi due cookie \u00e8 assente, un'altra attivit\u00e0 d\u00e0 inizio a una nuova sessione.<\/em><\/td><td><em>Sessione<\/em><\/td><td><em>Google&nbsp;<\/em><em>(Analitica)<\/em><\/td><\/tr><tr><td><strong><em>__utmz<\/em><\/strong><\/td><td><em>Registrazione delle fonti di traffico e della navigazione: utilizzata per registrare il modo in cui l'utente \u00e8 arrivato al nostro sito web (da una ricerca su Google, da una pubblicit\u00e0, ecc.) e i percorsi seguiti durante la navigazione. Utilizziamo queste informazioni per migliorare l'esperienza dell'utente negli aggiornamenti futuri.<\/em><\/td><td><em>6 mesi<\/em><\/td><td><em>Google&nbsp;<\/em><em>(Analitica)<\/em><\/td><\/tr><tr><td><strong><em>ga<\/em><\/strong><\/td><td><em>Cookie utilizzato da Google Analytics che contiene un identificatore anonimo utilizzato per distinguere gli utenti.<\/em><\/td><td><em>sessione<\/em><\/td><td><em>Google&nbsp;<\/em><em>(Analitica)<\/em><\/td><\/tr><tr><td><strong><em>CONSENSO<\/em><\/strong><\/td><td><em>YouTube imposta questo cookie attraverso i video youtube incorporati e registra dati statistici anonimi.<\/em><\/td><td><em>permanente<\/em><\/td><td><em>Google&nbsp;<\/em><em>(Analitica)<\/em><\/td><\/tr><tr><td><strong><em>cookielawinfo-checkbox<\/em><\/strong><\/td><td><em>Impostazioni dei cookie<\/em><\/td><td><em>11 mesi<\/em><\/td><td><em>Proprio<\/em><\/td><\/tr><\/tbody><\/table><\/figure>\n\n\n\n<p>Nel caso di&nbsp;<em>biscotti<\/em>&nbsp;Google Analytics, questa azienda memorizza i dati&nbsp;<em>biscotti<\/em>&nbsp;su server situati negli Stati Uniti e si impegna a non condividerli con terzi, tranne nel caso in cui ci\u00f2 sia necessario per il funzionamento del sistema o sia richiesto dalla legge. Secondo Google, Google non memorizza il vostro indirizzo IP. Se desiderate informazioni su come Google utilizza i cookie&nbsp;<a href=\"https:\/\/developers.google.com\/analytics\/devguides\/collection\/analyticsjs\/cookie-usage?hl=es&amp;csw=1\" target=\"_blank\" rel=\"noreferrer noopener\">in allegato il link<\/a>.<\/p>\n\n\n\n<p>PROTEZIONI DI PROTEZIONE<\/p>\n\n\n\n<p>\u00c8 possibile configurare il browser in modo da accettare o meno i cookie ricevuti o da avvisare l'utente quando un server vuole salvare un cookie o cancellarlo dal computer. Le istruzioni si trovano nelle impostazioni di sicurezza del browser.<\/p>\n\n\n\n<p>Esempi:<\/p>\n\n\n\n<ul class=\"wp-block-list\">\n<li>Se si utilizza Microsoft Internet Explorer, nel menu Strumenti &gt; Opzioni Internet &gt; Privacy &gt; Impostazioni.<\/li>\n\n\n\n<li>Se utilizzate Firefox, nel menu Strumenti &gt; Opzioni &gt; Privacy &gt; Cookie.<\/li>\n\n\n\n<li>Se si utilizza Google Chrome, nell'opzione di menu Impostazioni &gt; Privacy<\/li>\n\n\n\n<li>Se si utilizza Safari, alla voce di menu Preferenze &gt; Protezione<\/li>\n<\/ul>\n\n\n\n<p>\u00c8 possibile utilizzare la sezione \"Aiuto\" sulla barra degli strumenti della maggior parte dei browser per modificare le impostazioni del computer, tuttavia alcune funzioni dei nostri servizi online potrebbero non funzionare o essere pi\u00f9 difficili da accedere se si rifiutano tutti i cookie.<\/p>\n\n\n\n<p>Molti browser consentono di attivare una modalit\u00e0 privata in cui i cookie vengono sempre cancellati dopo la visita. A seconda del browser, questa modalit\u00e0 privata pu\u00f2 avere nomi diversi; di seguito \u00e8 riportato un elenco dei browser pi\u00f9 comuni e i diversi nomi di questa \"modalit\u00e0 privata\":<\/p>\n\n\n\n<p>- Internet Explorer 8 e superiori: InPrivate<\/p>\n\n\n\n<p>- FireFox 3.5 e versioni successive: navigazione privata<\/p>\n\n\n\n<p>- Google Chrome 10 e versioni successive: Incognito<\/p>\n\n\n\n<p>- Safari 2 e successivi: navigazione privata<\/p>\n\n\n\n<p>- Opera 10.5 e versioni successive: navigazione privata<\/p>\n\n\n\n<p>Si prega di leggere attentamente la sezione di aiuto del proprio browser per saperne di pi\u00f9 su come attivare la \"modalit\u00e0 privata\". Sar\u00e0 comunque possibile visitare il nostro sito web anche se il browser \u00e8 in \"modalit\u00e0 privata\", tuttavia l'esperienza d'uso potrebbe non essere ottimale e alcune utility potrebbero non funzionare.<\/p>\n\n\n\n<p>FORMULATWOIT. vi ringrazia per aver accettato i cookie, che ci aiutano a ottenere dati pi\u00f9 precisi che ci consentono di migliorare il contenuto e il design del nostro sito web in base alle vostre preferenze.<\/p>","protected":false},"excerpt":{"rendered":"<p>FORMULATWOIT. comunica a los usuarios, a trav\u00e9s de este aviso, que puede utilizar cookies cuando el usuario navega por las diferentes pantallas y p\u00e1ginas del sitio. Durante el uso de nuestra p\u00e1gina Web usted acepta y autoriza expresamente el uso de cookies, de acuerdo con nuestra Pol\u00edtica de Privacidad. \u00bfQU\u00c9 SON LAS COOKIES? Una cookie [&hellip;]<\/p>\n","protected":false},"author":1,"featured_media":0,"parent":0,"menu_order":0,"comment_status":"closed","ping_status":"closed","template":"","meta":{"_acf_changed":false,"content-type":"","_joinchat":[],"footnotes":""},"class_list":["post-10142","page","type-page","status-publish","hentry"],"acf":[],"_links":{"self":[{"href":"https:\/\/tubo.plus\/it\/wp-json\/wp\/v2\/pages\/10142","targetHints":{"allow":["GET"]}}],"collection":[{"href":"https:\/\/tubo.plus\/it\/wp-json\/wp\/v2\/pages"}],"about":[{"href":"https:\/\/tubo.plus\/it\/wp-json\/wp\/v2\/types\/page"}],"author":[{"embeddable":true,"href":"https:\/\/tubo.plus\/it\/wp-json\/wp\/v2\/users\/1"}],"replies":[{"embeddable":true,"href":"https:\/\/tubo.plus\/it\/wp-json\/wp\/v2\/comments?post=10142"}],"version-history":[{"count":1,"href":"https:\/\/tubo.plus\/it\/wp-json\/wp\/v2\/pages\/10142\/revisions"}],"predecessor-version":[{"id":14999,"href":"https:\/\/tubo.plus\/it\/wp-json\/wp\/v2\/pages\/10142\/revisions\/14999"}],"wp:attachment":[{"href":"https:\/\/tubo.plus\/it\/wp-json\/wp\/v2\/media?parent=10142"}],"curies":[{"name":"wp","href":"https:\/\/api.w.org\/{rel}","templated":true}]}}