{"id":12590,"date":"2024-11-15T11:10:29","date_gmt":"2024-11-15T11:10:29","guid":{"rendered":"https:\/\/tubo.plus\/?page_id=12590"},"modified":"2025-11-09T19:47:34","modified_gmt":"2025-11-09T18:47:34","slug":"chi-siamo","status":"publish","type":"page","link":"https:\/\/tubo.plus\/it\/chi-siamo\/","title":{"rendered":"Chi siamo"},"content":{"rendered":"<div data-elementor-type=\"wp-page\" data-elementor-id=\"12590\" class=\"elementor elementor-12590\" data-elementor-post-type=\"page\">\n\t\t\t\t\t\t<section class=\"elementor-section elementor-top-section elementor-element elementor-element-35be363 elementor-section-boxed elementor-section-height-default elementor-section-height-default\" data-id=\"35be363\" data-element_type=\"section\" data-settings=\"{&quot;background_background&quot;:&quot;classic&quot;}\">\n\t\t\t\t\t\t<div class=\"elementor-container elementor-column-gap-default\">\n\t\t\t\t\t<div class=\"elementor-column elementor-col-100 elementor-top-column elementor-element elementor-element-deb9bca\" data-id=\"deb9bca\" data-element_type=\"column\">\n\t\t\t<div class=\"elementor-widget-wrap elementor-element-populated\">\n\t\t\t\t\t\t<div class=\"elementor-element elementor-element-4e50850 elementor-widget elementor-widget-heading\" data-id=\"4e50850\" data-element_type=\"widget\" data-widget_type=\"heading.default\">\n\t\t\t\t<div class=\"elementor-widget-container\">\n\t\t\t\t\t<h1 class=\"elementor-heading-title elementor-size-default\">Chi Siamo<\/h1>\t\t\t\t<\/div>\n\t\t\t\t<\/div>\n\t\t\t\t<div class=\"elementor-element elementor-element-e146075 elementor-widget elementor-widget-spacer\" data-id=\"e146075\" data-element_type=\"widget\" data-widget_type=\"spacer.default\">\n\t\t\t\t<div class=\"elementor-widget-container\">\n\t\t\t\t\t\t\t<div class=\"elementor-spacer\">\n\t\t\t<div class=\"elementor-spacer-inner\"><\/div>\n\t\t<\/div>\n\t\t\t\t\t\t<\/div>\n\t\t\t\t<\/div>\n\t\t\t\t\t<\/div>\n\t\t<\/div>\n\t\t\t\t\t<\/div>\n\t\t<\/section>\n\t\t\t\t<section class=\"elementor-section elementor-top-section elementor-element elementor-element-74846f50 elementor-section-full_width elementor-section-height-default elementor-section-height-default\" data-id=\"74846f50\" data-element_type=\"section\" data-settings=\"{&quot;background_background&quot;:&quot;classic&quot;}\">\n\t\t\t\t\t\t<div class=\"elementor-container elementor-column-gap-default\">\n\t\t\t\t\t<div class=\"elementor-column elementor-col-50 elementor-top-column elementor-element elementor-element-272b580f\" data-id=\"272b580f\" data-element_type=\"column\">\n\t\t\t<div class=\"elementor-widget-wrap elementor-element-populated\">\n\t\t\t\t\t\t<div class=\"elementor-element elementor-element-5e19524f elementor-widget elementor-widget-video\" data-id=\"5e19524f\" data-element_type=\"widget\" data-settings=\"{&quot;youtube_url&quot;:&quot;https:\\\/\\\/www.youtube.com\\\/watch?v=Xt4V0AJVZ7c&quot;,&quot;video_type&quot;:&quot;youtube&quot;,&quot;controls&quot;:&quot;yes&quot;}\" data-widget_type=\"video.default\">\n\t\t\t\t<div class=\"elementor-widget-container\">\n\t\t\t\t\t\t\t<div class=\"elementor-wrapper elementor-open-inline\">\n\t\t\t<div class=\"elementor-video\"><\/div>\t\t<\/div>\n\t\t\t\t\t\t<\/div>\n\t\t\t\t<\/div>\n\t\t\t\t\t<\/div>\n\t\t<\/div>\n\t\t\t\t<div class=\"elementor-column elementor-col-50 elementor-top-column elementor-element elementor-element-2f4bf589\" data-id=\"2f4bf589\" data-element_type=\"column\" data-settings=\"{&quot;background_background&quot;:&quot;classic&quot;}\">\n\t\t\t<div class=\"elementor-widget-wrap elementor-element-populated\">\n\t\t\t\t\t\t<div class=\"elementor-element elementor-element-6b5501d6 elementor-widget elementor-widget-heading\" data-id=\"6b5501d6\" data-element_type=\"widget\" data-widget_type=\"heading.default\">\n\t\t\t\t<div class=\"elementor-widget-container\">\n\t\t\t\t\t<h2 class=\"elementor-heading-title elementor-size-default\">LA STORIA DI TuboPlus<\/h2>\t\t\t\t<\/div>\n\t\t\t\t<\/div>\n\t\t\t\t<div class=\"elementor-element elementor-element-596b42ab elementor-widget elementor-widget-text-editor\" data-id=\"596b42ab\" data-element_type=\"widget\" data-widget_type=\"text-editor.default\">\n\t\t\t\t<div class=\"elementor-widget-container\">\n\t\t\t\t\t\t\t\t\t<p>Juanjo Mu\u00f1oz, CEO di TuboPlus, Head Pressurizers e della pi\u00f9 recente e innovativa gamma di pressurizzatori da 29PSI, ha individuato un problema comune nel mondo del tennis e del padel: le palline perdono pressione nel tempo, anche quando non vengono utilizzate. Questo lo ha spinto a cercare una soluzione, poich\u00e9 non solo influisce sulla qualit\u00e0 del gioco, ma rappresenta anche una spesa inutile e un impatto ambientale negativo a causa dell'aumento dei rifiuti e delle emissioni di CO2 dovute alla produzione di nuove palline. Per affrontare queste sfide, \u00e8 stata sviluppata una gamma di pressurizzatori progettati per mantenere e ripristinare la pressione delle palline, prolungandone la vita e migliorando l'esperienza di gioco. Dopo un lungo percorso, in cui sono state progettate diverse gamme di pressurizzatori con design differenti, studiando e analizzando tutti i tipi di dati, i pressurizzatori 29PSI sono la gamma pi\u00f9 nuova ed efficiente sul mercato.<\/p>\t\t\t\t\t\t\t\t<\/div>\n\t\t\t\t<\/div>\n\t\t\t\t<div class=\"elementor-element elementor-element-1996ba86 elementor-widget elementor-widget-button\" data-id=\"1996ba86\" data-element_type=\"widget\" data-widget_type=\"button.default\">\n\t\t\t\t<div class=\"elementor-widget-container\">\n\t\t\t\t\t\t\t\t\t<div class=\"elementor-button-wrapper\">\n\t\t\t\t\t<a class=\"elementor-button elementor-button-link elementor-size-sm\" href=\"https:\/\/tubo.plus\/it\/negozio\/\">\n\t\t\t\t\t\t<span class=\"elementor-button-content-wrapper\">\n\t\t\t\t\t\t\t\t\t<span class=\"elementor-button-text\">VEDI PRODOTTI<\/span>\n\t\t\t\t\t<\/span>\n\t\t\t\t\t<\/a>\n\t\t\t\t<\/div>\n\t\t\t\t\t\t\t\t<\/div>\n\t\t\t\t<\/div>\n\t\t\t\t\t<\/div>\n\t\t<\/div>\n\t\t\t\t\t<\/div>\n\t\t<\/section>\n\t\t\t\t<section class=\"elementor-section elementor-top-section elementor-element elementor-element-187cf29 elementor-section-boxed elementor-section-height-default elementor-section-height-default\" data-id=\"187cf29\" data-element_type=\"section\">\n\t\t\t\t\t\t<div class=\"elementor-container elementor-column-gap-default\">\n\t\t\t\t\t<div class=\"elementor-column elementor-col-50 elementor-top-column elementor-element elementor-element-72e778d9\" data-id=\"72e778d9\" data-element_type=\"column\">\n\t\t\t<div class=\"elementor-widget-wrap elementor-element-populated\">\n\t\t\t\t\t\t<div class=\"elementor-element elementor-element-80d08d1 elementor-widget elementor-widget-heading\" data-id=\"80d08d1\" data-element_type=\"widget\" data-widget_type=\"heading.default\">\n\t\t\t\t<div class=\"elementor-widget-container\">\n\t\t\t\t\t<h2 class=\"elementor-heading-title elementor-size-default\">Il nostro impegno per la qualit\u00e0 e la sostenibilit\u00e0<\/h2>\t\t\t\t<\/div>\n\t\t\t\t<\/div>\n\t\t\t\t<div class=\"elementor-element elementor-element-38816392 elementor-widget elementor-widget-text-editor\" data-id=\"38816392\" data-element_type=\"widget\" data-widget_type=\"text-editor.default\">\n\t\t\t\t<div class=\"elementor-widget-container\">\n\t\t\t\t\t\t\t\t\t<p>I pressurizzatori TuboPlus offrono una serie di vantaggi. Non solo aiutano l'ambiente riducendo l'inquinamento causato dallo smaltimento di tanti palloni giorno dopo giorno. Permettono anche di ridurre i costi, di potenziare il gioco e di portarlo ai massimi livelli, creando un rimbalzo pi\u00f9 omogeneo ed evitando qualsiasi tipo di infortunio dovuto a un cattivo rimbalzo della palla.<\/p>\t\t\t\t\t\t\t\t<\/div>\n\t\t\t\t<\/div>\n\t\t\t\t\t<\/div>\n\t\t<\/div>\n\t\t\t\t<div class=\"elementor-column elementor-col-50 elementor-top-column elementor-element elementor-element-5e02728\" data-id=\"5e02728\" data-element_type=\"column\">\n\t\t\t<div class=\"elementor-widget-wrap elementor-element-populated\">\n\t\t\t\t\t\t<div class=\"elementor-element elementor-element-1b327348 elementor-widget elementor-widget-video\" data-id=\"1b327348\" data-element_type=\"widget\" data-settings=\"{&quot;youtube_url&quot;:&quot;https:\\\/\\\/www.youtube.com\\\/watch?v=42s9K7jM75E&quot;,&quot;video_type&quot;:&quot;youtube&quot;,&quot;controls&quot;:&quot;yes&quot;}\" data-widget_type=\"video.default\">\n\t\t\t\t<div class=\"elementor-widget-container\">\n\t\t\t\t\t\t\t<div class=\"elementor-wrapper elementor-open-inline\">\n\t\t\t<div class=\"elementor-video\"><\/div>\t\t<\/div>\n\t\t\t\t\t\t<\/div>\n\t\t\t\t<\/div>\n\t\t\t\t\t<\/div>\n\t\t<\/div>\n\t\t\t\t\t<\/div>\n\t\t<\/section>\n\t\t\t\t<section class=\"elementor-section elementor-top-section elementor-element elementor-element-7be26f73 elementor-reverse-tablet elementor-reverse-mobile elementor-section-boxed elementor-section-height-default elementor-section-height-default\" data-id=\"7be26f73\" data-element_type=\"section\">\n\t\t\t\t\t\t<div class=\"elementor-container elementor-column-gap-default\">\n\t\t\t\t\t<div class=\"elementor-column elementor-col-50 elementor-top-column elementor-element elementor-element-769950e9\" data-id=\"769950e9\" data-element_type=\"column\">\n\t\t\t<div class=\"elementor-widget-wrap elementor-element-populated\">\n\t\t\t\t\t\t<div class=\"elementor-element elementor-element-7b18892d elementor-widget elementor-widget-video\" data-id=\"7b18892d\" data-element_type=\"widget\" data-settings=\"{&quot;youtube_url&quot;:&quot;https:\\\/\\\/youtu.be\\\/HaN15TKcVYU&quot;,&quot;video_type&quot;:&quot;youtube&quot;,&quot;controls&quot;:&quot;yes&quot;}\" data-widget_type=\"video.default\">\n\t\t\t\t<div class=\"elementor-widget-container\">\n\t\t\t\t\t\t\t<div class=\"elementor-wrapper elementor-open-inline\">\n\t\t\t<div class=\"elementor-video\"><\/div>\t\t<\/div>\n\t\t\t\t\t\t<\/div>\n\t\t\t\t<\/div>\n\t\t\t\t\t<\/div>\n\t\t<\/div>\n\t\t\t\t<div class=\"elementor-column elementor-col-50 elementor-top-column elementor-element elementor-element-3c19bb20\" data-id=\"3c19bb20\" data-element_type=\"column\">\n\t\t\t<div class=\"elementor-widget-wrap elementor-element-populated\">\n\t\t\t\t\t\t<div class=\"elementor-element elementor-element-6174b90a elementor-widget elementor-widget-heading\" data-id=\"6174b90a\" data-element_type=\"widget\" data-widget_type=\"heading.default\">\n\t\t\t\t<div class=\"elementor-widget-container\">\n\t\t\t\t\t<h2 class=\"elementor-heading-title elementor-size-default\">La nostra fabbrica<\/h2>\t\t\t\t<\/div>\n\t\t\t\t<\/div>\n\t\t\t\t<div class=\"elementor-element elementor-element-18eb679f elementor-widget elementor-widget-text-editor\" data-id=\"18eb679f\" data-element_type=\"widget\" data-widget_type=\"text-editor.default\">\n\t\t\t\t<div class=\"elementor-widget-container\">\n\t\t\t\t\t\t\t\t\t<p>Apriamo le porte di Inymon, uno dei nostri due stabilimenti di Saragozza dove progettiamo, creiamo e produciamo le diverse gamme di tutti i nostri pressurizzatori. I nostri prodotti passano attraverso diverse fasi di produzione e controllo da parte di diverse macchine specializzate. Come potete vedere nel video, tutti i processi sono perfettamente automatizzati e temporizzati. \u00c8 un piacere mostrare le diverse fasi che i nostri prodotti attraversano prima di essere lanciati sul mercato internazionale.<\/p>\t\t\t\t\t\t\t\t<\/div>\n\t\t\t\t<\/div>\n\t\t\t\t\t<\/div>\n\t\t<\/div>\n\t\t\t\t\t<\/div>\n\t\t<\/section>\n\t\t\t\t<section class=\"elementor-section elementor-top-section elementor-element elementor-element-676e8109 elementor-section-boxed elementor-section-height-default elementor-section-height-default\" data-id=\"676e8109\" data-element_type=\"section\" data-settings=\"{&quot;background_background&quot;:&quot;classic&quot;}\">\n\t\t\t\t\t\t<div class=\"elementor-container elementor-column-gap-default\">\n\t\t\t\t\t<div class=\"elementor-column elementor-col-50 elementor-top-column elementor-element elementor-element-39ba438c\" data-id=\"39ba438c\" data-element_type=\"column\">\n\t\t\t<div class=\"elementor-widget-wrap elementor-element-populated\">\n\t\t\t\t\t\t<div class=\"elementor-element elementor-element-123040dc elementor-widget elementor-widget-heading\" data-id=\"123040dc\" data-element_type=\"widget\" data-widget_type=\"heading.default\">\n\t\t\t\t<div class=\"elementor-widget-container\">\n\t\t\t\t\t<h2 class=\"elementor-heading-title elementor-size-default\">Innovazione e leadership di mercato<\/h2>\t\t\t\t<\/div>\n\t\t\t\t<\/div>\n\t\t\t\t<div class=\"elementor-element elementor-element-211ccb05 elementor-widget__width-initial elementor-widget elementor-widget-text-editor\" data-id=\"211ccb05\" data-element_type=\"widget\" data-widget_type=\"text-editor.default\">\n\t\t\t\t<div class=\"elementor-widget-container\">\n\t\t\t\t\t\t\t\t\t<p>Grazie alla nostra dedizione e al nostro impegno, i prodotti <strong>TuboPlus<\/strong>\u00a0sono diventati rapidamente indispensabili per i giocatori di tennis e padel. Oggi siamo leader nelle vendite nei negozi di sport, in particolare nella categoria Racquet Sports. La nostra innovazione non solo avvantaggia i giocatori fornendo loro palline in condizioni ottimali, ma contribuisce anche a migliorare le prestazioni. <strong>ambiente pi\u00f9 sostenibile<\/strong> riducendo i rifiuti e le emissioni.<\/p>\t\t\t\t\t\t\t\t<\/div>\n\t\t\t\t<\/div>\n\t\t\t\t\t<\/div>\n\t\t<\/div>\n\t\t\t\t<div class=\"elementor-column elementor-col-50 elementor-top-column elementor-element elementor-element-1daea328\" data-id=\"1daea328\" data-element_type=\"column\">\n\t\t\t<div class=\"elementor-widget-wrap elementor-element-populated\">\n\t\t\t\t\t\t<div class=\"elementor-element elementor-element-7e82f193 elementor-widget elementor-widget-image\" data-id=\"7e82f193\" data-element_type=\"widget\" data-widget_type=\"image.default\">\n\t\t\t\t<div class=\"elementor-widget-container\">\n\t\t\t\t\t\t\t\t\t\t\t\t\t\t\t<img fetchpriority=\"high\" decoding=\"async\" width=\"800\" height=\"450\" src=\"https:\/\/tubo.plus\/wp-content\/uploads\/2024\/11\/presurizadores-de-pelotas-29psi-scaled-1-1024x576.jpg\" class=\"attachment-large size-large wp-image-12595\" alt=\"\" srcset=\"https:\/\/tubo.plus\/wp-content\/uploads\/2024\/11\/presurizadores-de-pelotas-29psi-scaled-1-1024x576.jpg 1024w, https:\/\/tubo.plus\/wp-content\/uploads\/2024\/11\/presurizadores-de-pelotas-29psi-scaled-1-300x169.jpg 300w, https:\/\/tubo.plus\/wp-content\/uploads\/2024\/11\/presurizadores-de-pelotas-29psi-scaled-1-768x432.jpg 768w, https:\/\/tubo.plus\/wp-content\/uploads\/2024\/11\/presurizadores-de-pelotas-29psi-scaled-1-1536x864.jpg 1536w, https:\/\/tubo.plus\/wp-content\/uploads\/2024\/11\/presurizadores-de-pelotas-29psi-scaled-1-2048x1152.jpg 2048w, https:\/\/tubo.plus\/wp-content\/uploads\/2024\/11\/presurizadores-de-pelotas-29psi-scaled-1-18x10.jpg 18w, https:\/\/tubo.plus\/wp-content\/uploads\/2024\/11\/presurizadores-de-pelotas-29psi-scaled-1-1000x563.jpg 1000w\" sizes=\"(max-width: 800px) 100vw, 800px\" \/>\t\t\t\t\t\t\t\t\t\t\t\t\t\t\t<\/div>\n\t\t\t\t<\/div>\n\t\t\t\t\t<\/div>\n\t\t<\/div>\n\t\t\t\t\t<\/div>\n\t\t<\/section>\n\t\t\t\t<section class=\"elementor-section elementor-top-section elementor-element elementor-element-9d85871 elementor-section-boxed elementor-section-height-default elementor-section-height-default\" data-id=\"9d85871\" data-element_type=\"section\" data-settings=\"{&quot;background_background&quot;:&quot;classic&quot;}\">\n\t\t\t\t\t\t<div class=\"elementor-container elementor-column-gap-default\">\n\t\t\t\t\t<div class=\"elementor-column elementor-col-33 elementor-top-column elementor-element elementor-element-4ac6ef53\" data-id=\"4ac6ef53\" data-element_type=\"column\" data-settings=\"{&quot;background_background&quot;:&quot;classic&quot;}\">\n\t\t\t<div class=\"elementor-widget-wrap elementor-element-populated\">\n\t\t\t\t\t\t<div class=\"elementor-element elementor-element-30a0865f elementor-widget elementor-widget-heading\" data-id=\"30a0865f\" data-element_type=\"widget\" data-widget_type=\"heading.default\">\n\t\t\t\t<div class=\"elementor-widget-container\">\n\t\t\t\t\t<h2 class=\"elementor-heading-title elementor-size-default\">Il nostro <br>Squadra<\/h2>\t\t\t\t<\/div>\n\t\t\t\t<\/div>\n\t\t\t\t<div class=\"elementor-element elementor-element-20d5f470 elementor-widget elementor-widget-text-editor\" data-id=\"20d5f470\" data-element_type=\"widget\" data-widget_type=\"text-editor.default\">\n\t\t\t\t<div class=\"elementor-widget-container\">\n\t\t\t\t\t\t\t\t\t<div class=\"elementor-element elementor-element-952eba0 elementor-widget elementor-widget-text-editor\" data-id=\"952eba0\" data-element_type=\"widget\" data-widget_type=\"text-editor.default\"><div class=\"elementor-widget-container\"><section class=\"elementor-section elementor-top-section elementor-element elementor-element-036143d elementor-section-boxed elementor-section-height-default elementor-section-height-default\" data-id=\"036143d\" data-element_type=\"section\"><div class=\"elementor-container elementor-column-gap-default\"><div class=\"elementor-column elementor-col-100 elementor-top-column elementor-element elementor-element-dbb24d6\" data-id=\"dbb24d6\" data-element_type=\"column\"><div class=\"elementor-widget-wrap elementor-element-populated\"><div class=\"elementor-element elementor-element-bf73604 elementor-widget elementor-widget-text-editor\" data-id=\"bf73604\" data-element_type=\"widget\" data-widget_type=\"text-editor.default\"><div class=\"elementor-widget-container\"><p>Il team di <strong>TuboPlus<\/strong>\u00a0\u00e8 composta da professionisti appassionati di sport e tecnologia. Ogni membro apporta la propria esperienza e il proprio entusiasmo, collaborando alla creazione di prodotti che fanno davvero la differenza.<span style=\"font-size: 1rem;\">\u00a0<\/span><\/p><\/div><\/div><\/div><\/div><\/div><\/section><\/div><\/div>\t\t\t\t\t\t\t\t<\/div>\n\t\t\t\t<\/div>\n\t\t\t\t\t<\/div>\n\t\t<\/div>\n\t\t\t\t<div class=\"elementor-column elementor-col-33 elementor-top-column elementor-element elementor-element-6bb7108a\" data-id=\"6bb7108a\" data-element_type=\"column\" data-settings=\"{&quot;background_background&quot;:&quot;classic&quot;}\">\n\t\t\t<div class=\"elementor-widget-wrap elementor-element-populated\">\n\t\t\t\t\t\t<div class=\"elementor-element elementor-element-4b14988a elementor-widget elementor-widget-heading\" data-id=\"4b14988a\" data-element_type=\"widget\" data-widget_type=\"heading.default\">\n\t\t\t\t<div class=\"elementor-widget-container\">\n\t\t\t\t\t<h2 class=\"elementor-heading-title elementor-size-default\">Valori e impegno\n<\/h2>\t\t\t\t<\/div>\n\t\t\t\t<\/div>\n\t\t\t\t<div class=\"elementor-element elementor-element-13abc983 elementor-widget elementor-widget-text-editor\" data-id=\"13abc983\" data-element_type=\"widget\" data-widget_type=\"text-editor.default\">\n\t\t\t\t<div class=\"elementor-widget-container\">\n\t\t\t\t\t\t\t\t\t<div class=\"elementor-element elementor-element-952eba0 elementor-widget elementor-widget-text-editor\" data-id=\"952eba0\" data-element_type=\"widget\" data-widget_type=\"text-editor.default\"><div class=\"elementor-widget-container\"><section class=\"elementor-section elementor-top-section elementor-element elementor-element-036143d elementor-section-boxed elementor-section-height-default elementor-section-height-default\" data-id=\"036143d\" data-element_type=\"section\"><div class=\"elementor-container elementor-column-gap-default\"><div class=\"elementor-column elementor-col-100 elementor-top-column elementor-element elementor-element-dbb24d6\" data-id=\"dbb24d6\" data-element_type=\"column\"><div class=\"elementor-widget-wrap elementor-element-populated\"><div class=\"elementor-element elementor-element-bf73604 elementor-widget elementor-widget-text-editor\" data-id=\"bf73604\" data-element_type=\"widget\" data-widget_type=\"text-editor.default\"><div class=\"elementor-widget-container\"><p>I nostri valori fondamentali sono l'integrit\u00e0, la qualit\u00e0 e l'impegno verso la comunit\u00e0. Ci sforziamo di fare la cosa giusta e di fornire prodotti della massima qualit\u00e0. <strong>alta qualit\u00e0 <\/strong>e sostenere la nostra comunit\u00e0 e l'ambiente in ogni fase del processo.<\/p><\/div><\/div><\/div><\/div><\/div><\/section><\/div><\/div><div class=\"elementor-element elementor-element-7988818 elementor-mobile-button-align-center elementor-button-align-stretch elementor-widget elementor-widget-form\" data-id=\"7988818\" data-element_type=\"widget\" data-settings=\"{&quot;button_width&quot;:&quot;33&quot;,&quot;step_next_label&quot;:&quot;Next&quot;,&quot;step_previous_label&quot;:&quot;Previous&quot;,&quot;button_width_mobile&quot;:&quot;100&quot;,&quot;step_type&quot;:&quot;number_text&quot;,&quot;step_icon_shape&quot;:&quot;circle&quot;}\" data-widget_type=\"form.default\"><div class=\"elementor-widget-container\"><form class=\"elementor-form\" method=\"post\" name=\"New Form\" action=\"\"><div class=\"elementor-form-fields-wrapper elementor-labels-\"><div class=\"elementor-field-type-email elementor-field-group elementor-column elementor-field-group-email elementor-col-66 elementor-sm-100 elementor-field-required\">\u00a0<\/div><\/div><input type=\"hidden\" name=\"trp-form-language\" value=\"it\"\/><\/form><\/div><\/div>\t\t\t\t\t\t\t\t<\/div>\n\t\t\t\t<\/div>\n\t\t\t\t\t<\/div>\n\t\t<\/div>\n\t\t\t\t<div class=\"elementor-column elementor-col-33 elementor-top-column elementor-element elementor-element-3ea58077\" data-id=\"3ea58077\" data-element_type=\"column\" data-settings=\"{&quot;background_background&quot;:&quot;classic&quot;}\">\n\t\t\t<div class=\"elementor-widget-wrap elementor-element-populated\">\n\t\t\t\t\t\t<div class=\"elementor-element elementor-element-4db56c3 elementor-widget elementor-widget-heading\" data-id=\"4db56c3\" data-element_type=\"widget\" data-widget_type=\"heading.default\">\n\t\t\t\t<div class=\"elementor-widget-container\">\n\t\t\t\t\t<h2 class=\"elementor-heading-title elementor-size-default\">Unisciti alla nostra comunit\u00e0\n<\/h2>\t\t\t\t<\/div>\n\t\t\t\t<\/div>\n\t\t\t\t<div class=\"elementor-element elementor-element-c0425e9 elementor-widget elementor-widget-text-editor\" data-id=\"c0425e9\" data-element_type=\"widget\" data-widget_type=\"text-editor.default\">\n\t\t\t\t<div class=\"elementor-widget-container\">\n\t\t\t\t\t\t\t\t\t<div class=\"elementor-element elementor-element-952eba0 elementor-widget elementor-widget-text-editor\" data-id=\"952eba0\" data-element_type=\"widget\" data-widget_type=\"text-editor.default\"><div class=\"elementor-widget-container\"><p>Grazie per aver dedicato del tempo a conoscerci meglio. A <strong>TuboPlus<\/strong>Siamo qui per voi e ci piacerebbe avere vostre notizie. Esplorate il nostro sito web, contattateci per qualsiasi domanda o seguiteci sui nostri social network per rimanere aggiornati sulle nostre novit\u00e0 e condividere la vostra esperienza con noi.<\/p><\/div><\/div><div class=\"elementor-element elementor-element-7988818 elementor-mobile-button-align-center elementor-button-align-stretch elementor-widget elementor-widget-form\" data-id=\"7988818\" data-element_type=\"widget\" data-settings=\"{&quot;button_width&quot;:&quot;33&quot;,&quot;step_next_label&quot;:&quot;Next&quot;,&quot;step_previous_label&quot;:&quot;Previous&quot;,&quot;button_width_mobile&quot;:&quot;100&quot;,&quot;step_type&quot;:&quot;number_text&quot;,&quot;step_icon_shape&quot;:&quot;circle&quot;}\" data-widget_type=\"form.default\"><div class=\"elementor-widget-container\"><form class=\"elementor-form\" method=\"post\" name=\"New Form\" action=\"\"><div class=\"elementor-form-fields-wrapper elementor-labels-\"><div class=\"elementor-field-type-email elementor-field-group elementor-column elementor-field-group-email elementor-col-66 elementor-sm-100 elementor-field-required\">\u00a0<\/div><\/div><input type=\"hidden\" name=\"trp-form-language\" value=\"it\"\/><\/form><\/div><\/div>\t\t\t\t\t\t\t\t<\/div>\n\t\t\t\t<\/div>\n\t\t\t\t\t<\/div>\n\t\t<\/div>\n\t\t\t\t\t<\/div>\n\t\t<\/section>\n\t\t\t\t<\/div>","protected":false},"excerpt":{"rendered":"<p>Qui\u00e9nes Somos LA HISTORIA DE TuboPlus Juanjo Mu\u00f1oz, CEO de TuboPlus, Head Pressurizers y la \u00faltima y novedosa gama de presurizadores 29PSI, identific\u00f3 un problema com\u00fan en el mundo del tenis y p\u00e1del: las pelotas pierden presi\u00f3n con el tiempo, incluso cuando no se utilizan. Este motivo lo llev\u00f3 a buscar una soluci\u00f3n, ya que [&hellip;]<\/p>\n","protected":false},"author":12,"featured_media":0,"parent":0,"menu_order":0,"comment_status":"closed","ping_status":"closed","template":"","meta":{"_acf_changed":false,"content-type":"","_joinchat":[],"footnotes":""},"class_list":["post-12590","page","type-page","status-publish","hentry"],"acf":[],"_links":{"self":[{"href":"https:\/\/tubo.plus\/it\/wp-json\/wp\/v2\/pages\/12590","targetHints":{"allow":["GET"]}}],"collection":[{"href":"https:\/\/tubo.plus\/it\/wp-json\/wp\/v2\/pages"}],"about":[{"href":"https:\/\/tubo.plus\/it\/wp-json\/wp\/v2\/types\/page"}],"author":[{"embeddable":true,"href":"https:\/\/tubo.plus\/it\/wp-json\/wp\/v2\/users\/12"}],"replies":[{"embeddable":true,"href":"https:\/\/tubo.plus\/it\/wp-json\/wp\/v2\/comments?post=12590"}],"version-history":[{"count":5,"href":"https:\/\/tubo.plus\/it\/wp-json\/wp\/v2\/pages\/12590\/revisions"}],"predecessor-version":[{"id":13886,"href":"https:\/\/tubo.plus\/it\/wp-json\/wp\/v2\/pages\/12590\/revisions\/13886"}],"wp:attachment":[{"href":"https:\/\/tubo.plus\/it\/wp-json\/wp\/v2\/media?parent=12590"}],"curies":[{"name":"wp","href":"https:\/\/api.w.org\/{rel}","templated":true}]}}