{"id":1446,"date":"2024-02-14T23:06:39","date_gmt":"2024-02-14T23:06:39","guid":{"rendered":"https:\/\/tubo.plus\/?post_type=product&#038;p=1446"},"modified":"2025-06-02T09:51:04","modified_gmt":"2025-06-02T09:51:04","slug":"pompa-ad-aria-di-alta-gamma-per-pressurizzatori-e-biciclette-con-manometro-22-cm-in-alluminio-max-80-psi","status":"publish","type":"product","link":"https:\/\/tubo.plus\/it\/prodotto\/pompa-ad-aria-di-alta-gamma-per-pressurizzatori-e-biciclette-con-manometro-22-cm-in-alluminio-max-80-psi\/","title":{"rendered":"POMPA D'ARIA CON MANOMETRO 22 CM - ALLUMINIO - MAX. 80 PSI"},"content":{"rendered":"<ul>\n<li><strong>MANOMETRO A 360\u00ba:<\/strong>\u00a0\u00c8 dotato di un manometro da 38 millimetri che ruota di 360 gradi per facilitare l'utilizzo.<\/li>\n<li><strong>QUALIT\u00c0 DELL'ALLUMINIO:<\/strong>\u00a0\u00c8 realizzato in lega di alluminio di alta qualit\u00e0 ed \u00e8 dotato di una testina automatica brevettata compatibile Schrader\/Presta.<\/li>\n<li><strong>22 CENTIMETRI:<\/strong>\u00a0Ha una lunghezza di 22 centimetri per un facile gonfiaggio.<\/li>\n<li><strong>IMPUGNATURA A T BREVETTATA:<\/strong>\u00a0L'impugnatura a T brevettata da BETO facilita l'utilizzo della pompa d'aria.<\/li>\n<li><strong>80 PSI:<\/strong>\u00a0Pressione massima 80 PSI = 5,52 BAR.<\/li>\n<\/ul>","protected":false},"excerpt":{"rendered":"<div class=\"et_pb_module et_pb_wc_description et_pb_wc_description_0_tb_body et_pb_bg_layout_light et_pb_text_align_left\">\n<div class=\"et_pb_module_inner\">\n<p>Il\u00a0<b>pompa pneumatica manuale con manometro TuboPlus 22 cm\u00a0<\/b>in lega di alluminio, ha una testina automatica brevettata compatibile Schrader\/Presta. Ha un'impugnatura a T per facilitare il gonfiaggio e un manometro da 38 mm per controllare la pressione. Pressione massima Pressione 80 PSI.<\/p>\n<\/div>\n<\/div>","protected":false},"featured_media":11925,"comment_status":"open","ping_status":"closed","template":"","meta":{"_acf_changed":false,"content-type":"","_joinchat":[]},"product_brand":[],"product_cat":[53,54,55],"product_tag":[42],"class_list":{"0":"post-1446","1":"product","2":"type-product","3":"status-publish","4":"has-post-thumbnail","6":"product_cat-accesorios","7":"product_cat-bombas-de-aire","8":"product_cat-de-mano","9":"product_tag-bomba-de-aire-de-alta-gama-para-presurizadores-y-bicicletas-con-manometro-22-cm-aluminio-max-80-psi","11":"first","12":"instock","13":"taxable","14":"shipping-taxable","15":"purchasable","16":"product-type-simple"},"acf":[],"_links":{"self":[{"href":"https:\/\/tubo.plus\/it\/wp-json\/wp\/v2\/product\/1446","targetHints":{"allow":["GET"]}}],"collection":[{"href":"https:\/\/tubo.plus\/it\/wp-json\/wp\/v2\/product"}],"about":[{"href":"https:\/\/tubo.plus\/it\/wp-json\/wp\/v2\/types\/product"}],"replies":[{"embeddable":true,"href":"https:\/\/tubo.plus\/it\/wp-json\/wp\/v2\/comments?post=1446"}],"version-history":[{"count":1,"href":"https:\/\/tubo.plus\/it\/wp-json\/wp\/v2\/product\/1446\/revisions"}],"predecessor-version":[{"id":11387,"href":"https:\/\/tubo.plus\/it\/wp-json\/wp\/v2\/product\/1446\/revisions\/11387"}],"wp:featuredmedia":[{"embeddable":true,"href":"https:\/\/tubo.plus\/it\/wp-json\/wp\/v2\/media\/11925"}],"wp:attachment":[{"href":"https:\/\/tubo.plus\/it\/wp-json\/wp\/v2\/media?parent=1446"}],"wp:term":[{"taxonomy":"product_brand","embeddable":true,"href":"https:\/\/tubo.plus\/it\/wp-json\/wp\/v2\/product_brand?post=1446"},{"taxonomy":"product_cat","embeddable":true,"href":"https:\/\/tubo.plus\/it\/wp-json\/wp\/v2\/product_cat?post=1446"},{"taxonomy":"product_tag","embeddable":true,"href":"https:\/\/tubo.plus\/it\/wp-json\/wp\/v2\/product_tag?post=1446"}],"curies":[{"name":"wp","href":"https:\/\/api.w.org\/{rel}","templated":true}]}}